{"id":974,"date":"2023-11-14T19:30:24","date_gmt":"2023-11-14T19:30:24","guid":{"rendered":"https:\/\/www.ewos.com\/cl\/?page_id=974"},"modified":"2024-02-22T13:48:01","modified_gmt":"2024-02-22T13:48:01","slug":"agua-dulce","status":"publish","type":"page","link":"https:\/\/www.ewos.com\/cl\/productos\/agua-dulce\/","title":{"rendered":"Agua Dulce"},"content":{"rendered":"\t\t<div data-elementor-type=\"wp-post\" data-elementor-id=\"974\" class=\"elementor elementor-974\" data-elementor-post-type=\"page\">\n\t\t\t\t\t\t<section class=\"elementor-section elementor-top-section elementor-element elementor-element-266fca4 elementor-section-boxed elementor-section-height-default elementor-section-height-default\" data-id=\"266fca4\" data-element_type=\"section\" data-e-type=\"section\" data-settings=\"{&quot;jet_parallax_layout_list&quot;:[{&quot;jet_parallax_layout_image&quot;:{&quot;url&quot;:&quot;&quot;,&quot;id&quot;:&quot;&quot;,&quot;size&quot;:&quot;&quot;},&quot;_id&quot;:&quot;0557dbc&quot;,&quot;jet_parallax_layout_speed&quot;:{&quot;unit&quot;:&quot;%&quot;,&quot;size&quot;:50,&quot;sizes&quot;:[]},&quot;jet_parallax_layout_image_tablet&quot;:{&quot;url&quot;:&quot;&quot;,&quot;id&quot;:&quot;&quot;,&quot;size&quot;:&quot;&quot;},&quot;jet_parallax_layout_image_mobile&quot;:{&quot;url&quot;:&quot;&quot;,&quot;id&quot;:&quot;&quot;,&quot;size&quot;:&quot;&quot;},&quot;jet_parallax_layout_type&quot;:&quot;scroll&quot;,&quot;jet_parallax_layout_direction&quot;:&quot;1&quot;,&quot;jet_parallax_layout_fx_direction&quot;:null,&quot;jet_parallax_layout_z_index&quot;:&quot;&quot;,&quot;jet_parallax_layout_bg_x&quot;:50,&quot;jet_parallax_layout_bg_x_tablet&quot;:&quot;&quot;,&quot;jet_parallax_layout_bg_x_mobile&quot;:&quot;&quot;,&quot;jet_parallax_layout_bg_y&quot;:50,&quot;jet_parallax_layout_bg_y_tablet&quot;:&quot;&quot;,&quot;jet_parallax_layout_bg_y_mobile&quot;:&quot;&quot;,&quot;jet_parallax_layout_bg_size&quot;:&quot;auto&quot;,&quot;jet_parallax_layout_bg_size_tablet&quot;:&quot;&quot;,&quot;jet_parallax_layout_bg_size_mobile&quot;:&quot;&quot;,&quot;jet_parallax_layout_animation_prop&quot;:&quot;transform&quot;,&quot;jet_parallax_layout_on&quot;:[&quot;desktop&quot;,&quot;tablet&quot;]}],&quot;background_background&quot;:&quot;classic&quot;}\">\n\t\t\t\t\t\t<div class=\"elementor-container elementor-column-gap-default\">\n\t\t\t\t\t<div class=\"elementor-column elementor-col-100 elementor-top-column elementor-element elementor-element-05cf49b\" data-id=\"05cf49b\" data-element_type=\"column\" data-e-type=\"column\">\n\t\t\t<div class=\"elementor-widget-wrap elementor-element-populated\">\n\t\t\t\t\t\t<div class=\"elementor-element elementor-element-59f76f7 elementor-widget elementor-widget-theme-post-featured-image elementor-widget-image\" data-id=\"59f76f7\" data-element_type=\"widget\" data-e-type=\"widget\" data-widget_type=\"theme-post-featured-image.default\">\n\t\t\t\t<div class=\"elementor-widget-container\">\n\t\t\t\t\t\t\t\t\t\t\t\t\t\t\t<img fetchpriority=\"high\" decoding=\"async\" width=\"1024\" height=\"597\" src=\"https:\/\/www.ewos.com\/cl\/wp-content\/uploads\/2023\/11\/cargill_puertomontt_ago2019-23-1024x597.jpg\" class=\"attachment-large size-large wp-image-1456\" alt=\"\" srcset=\"https:\/\/www.ewos.com\/cl\/wp-content\/uploads\/2023\/11\/cargill_puertomontt_ago2019-23-1024x597.jpg 1024w, https:\/\/www.ewos.com\/cl\/wp-content\/uploads\/2023\/11\/cargill_puertomontt_ago2019-23-300x175.jpg 300w, https:\/\/www.ewos.com\/cl\/wp-content\/uploads\/2023\/11\/cargill_puertomontt_ago2019-23-768x448.jpg 768w, https:\/\/www.ewos.com\/cl\/wp-content\/uploads\/2023\/11\/cargill_puertomontt_ago2019-23-600x350.jpg 600w, https:\/\/www.ewos.com\/cl\/wp-content\/uploads\/2023\/11\/cargill_puertomontt_ago2019-23.jpg 1200w\" sizes=\"(max-width: 1024px) 100vw, 1024px\" \/>\t\t\t\t\t\t\t\t\t\t\t\t\t\t\t<\/div>\n\t\t\t\t<\/div>\n\t\t\t\t<div class=\"elementor-element elementor-element-8e15c02 elementor-widget elementor-widget-spacer\" data-id=\"8e15c02\" data-element_type=\"widget\" data-e-type=\"widget\" data-widget_type=\"spacer.default\">\n\t\t\t\t<div class=\"elementor-widget-container\">\n\t\t\t\t\t\t\t<div class=\"elementor-spacer\">\n\t\t\t<div class=\"elementor-spacer-inner\"><\/div>\n\t\t<\/div>\n\t\t\t\t\t\t<\/div>\n\t\t\t\t<\/div>\n\t\t\t\t<div class=\"elementor-element elementor-element-1aebe03 elementor-widget elementor-widget-heading\" data-id=\"1aebe03\" data-element_type=\"widget\" data-e-type=\"widget\" data-widget_type=\"heading.default\">\n\t\t\t\t<div class=\"elementor-widget-container\">\n\t\t\t\t\t<h1 class=\"elementor-heading-title elementor-size-default\">Agua Dulce<\/h1>\t\t\t\t<\/div>\n\t\t\t\t<\/div>\n\t\t\t\t<div class=\"elementor-element elementor-element-38b2e8b elementor-widget elementor-widget-spacer\" data-id=\"38b2e8b\" data-element_type=\"widget\" data-e-type=\"widget\" data-widget_type=\"spacer.default\">\n\t\t\t\t<div class=\"elementor-widget-container\">\n\t\t\t\t\t\t\t<div class=\"elementor-spacer\">\n\t\t\t<div class=\"elementor-spacer-inner\"><\/div>\n\t\t<\/div>\n\t\t\t\t\t\t<\/div>\n\t\t\t\t<\/div>\n\t\t\t\t<div class=\"elementor-element elementor-element-48a49c0 elementor-widget elementor-widget-text-editor\" data-id=\"48a49c0\" data-element_type=\"widget\" data-e-type=\"widget\" data-widget_type=\"text-editor.default\">\n\t\t\t\t<div class=\"elementor-widget-container\">\n\t\t\t\t\t\t\t\t\t<p>Conoce todo nuestro portafolio de dietas de agua dulce, especialmente dise\u00f1adas para las necesidades de los peces en la primera alimentaci\u00f3n.<\/p><p>Los alimentos para la etapa de agua dulce de Cargill se basan en la investigaci\u00f3n, el desarrollo y la experiencia de muchos a\u00f1os de trabajo con nuestros clientes. Esto nos permite ofrecer un producto \u00fanico y adaptado a las necesidades de los peces en la etapa de agua dulce.<\/p>\t\t\t\t\t\t\t\t<\/div>\n\t\t\t\t<\/div>\n\t\t\t\t<section class=\"elementor-section elementor-inner-section elementor-element elementor-element-961175d elementor-section-boxed elementor-section-height-default elementor-section-height-default\" data-id=\"961175d\" data-element_type=\"section\" data-e-type=\"section\" data-settings=\"{&quot;jet_parallax_layout_list&quot;:[]}\">\n\t\t\t\t\t\t<div class=\"elementor-container elementor-column-gap-default\">\n\t\t\t\t\t<div class=\"elementor-column elementor-col-33 elementor-inner-column elementor-element elementor-element-06b7cb6\" data-id=\"06b7cb6\" data-element_type=\"column\" data-e-type=\"column\">\n\t\t\t<div class=\"elementor-widget-wrap elementor-element-populated\">\n\t\t\t\t\t\t<div class=\"elementor-element elementor-element-103783a elementor-widget elementor-widget-image\" data-id=\"103783a\" data-element_type=\"widget\" data-e-type=\"widget\" data-widget_type=\"image.default\">\n\t\t\t\t<div class=\"elementor-widget-container\">\n\t\t\t\t\t\t\t\t\t\t\t\t\t\t\t<img decoding=\"async\" width=\"200\" height=\"200\" src=\"https:\/\/www.ewos.com\/cl\/wp-content\/uploads\/2023\/11\/micro-start-plus.jpg\" class=\"attachment-large size-large wp-image-1464\" alt=\"\" srcset=\"https:\/\/www.ewos.com\/cl\/wp-content\/uploads\/2023\/11\/micro-start-plus.jpg 200w, https:\/\/www.ewos.com\/cl\/wp-content\/uploads\/2023\/11\/micro-start-plus-150x150.jpg 150w\" sizes=\"(max-width: 200px) 100vw, 200px\" \/>\t\t\t\t\t\t\t\t\t\t\t\t\t\t\t<\/div>\n\t\t\t\t<\/div>\n\t\t\t\t\t<\/div>\n\t\t<\/div>\n\t\t\t\t<div class=\"elementor-column elementor-col-33 elementor-inner-column elementor-element elementor-element-151db80\" data-id=\"151db80\" data-element_type=\"column\" data-e-type=\"column\">\n\t\t\t<div class=\"elementor-widget-wrap elementor-element-populated\">\n\t\t\t\t\t\t<div class=\"elementor-element elementor-element-b96fa1f elementor-widget elementor-widget-image\" data-id=\"b96fa1f\" data-element_type=\"widget\" data-e-type=\"widget\" data-widget_type=\"image.default\">\n\t\t\t\t<div class=\"elementor-widget-container\">\n\t\t\t\t\t\t\t\t\t\t\t\t\t\t\t<img decoding=\"async\" width=\"150\" height=\"200\" src=\"https:\/\/www.ewos.com\/cl\/wp-content\/uploads\/2023\/11\/micro-g.jpg\" class=\"attachment-large size-large wp-image-1463\" alt=\"\" \/>\t\t\t\t\t\t\t\t\t\t\t\t\t\t\t<\/div>\n\t\t\t\t<\/div>\n\t\t\t\t\t<\/div>\n\t\t<\/div>\n\t\t\t\t<div class=\"elementor-column elementor-col-33 elementor-inner-column elementor-element elementor-element-decc73a\" data-id=\"decc73a\" data-element_type=\"column\" data-e-type=\"column\">\n\t\t\t<div class=\"elementor-widget-wrap elementor-element-populated\">\n\t\t\t\t\t\t<div class=\"elementor-element elementor-element-64a3dc1 elementor-widget elementor-widget-image\" data-id=\"64a3dc1\" data-element_type=\"widget\" data-e-type=\"widget\" data-widget_type=\"image.default\">\n\t\t\t\t<div class=\"elementor-widget-container\">\n\t\t\t\t\t\t\t\t\t\t\t\t\t\t\t<img loading=\"lazy\" decoding=\"async\" width=\"150\" height=\"200\" src=\"https:\/\/www.ewos.com\/cl\/wp-content\/uploads\/2023\/11\/clear.jpg\" class=\"attachment-large size-large wp-image-1462\" alt=\"\" \/>\t\t\t\t\t\t\t\t\t\t\t\t\t\t\t<\/div>\n\t\t\t\t<\/div>\n\t\t\t\t\t<\/div>\n\t\t<\/div>\n\t\t\t\t\t<\/div>\n\t\t<\/section>\n\t\t\t\t<div class=\"elementor-element elementor-element-93fe72d elementor-widget elementor-widget-text-editor\" data-id=\"93fe72d\" data-element_type=\"widget\" data-e-type=\"widget\" data-widget_type=\"text-editor.default\">\n\t\t\t\t<div class=\"elementor-widget-container\">\n\t\t\t\t\t\t\t\t\t<p>Cada l\u00ednea, ha sido dise\u00f1ada de manera particular para responder a las necesidades de los peces y productores en cada una de las etapas del ciclo de vida de los peces.<\/p>\t\t\t\t\t\t\t\t<\/div>\n\t\t\t\t<\/div>\n\t\t\t\t<section class=\"elementor-section elementor-inner-section elementor-element elementor-element-3affa71 elementor-section-boxed elementor-section-height-default elementor-section-height-default\" data-id=\"3affa71\" data-element_type=\"section\" data-e-type=\"section\" data-settings=\"{&quot;jet_parallax_layout_list&quot;:[]}\">\n\t\t\t\t\t\t<div class=\"elementor-container elementor-column-gap-default\">\n\t\t\t\t\t<div class=\"elementor-column elementor-col-33 elementor-inner-column elementor-element elementor-element-81feaeb\" data-id=\"81feaeb\" data-element_type=\"column\" data-e-type=\"column\">\n\t\t\t<div class=\"elementor-widget-wrap elementor-element-populated\">\n\t\t\t\t\t\t<div class=\"elementor-element elementor-element-a511c77 elementor-widget elementor-widget-image\" data-id=\"a511c77\" data-element_type=\"widget\" data-e-type=\"widget\" data-widget_type=\"image.default\">\n\t\t\t\t<div class=\"elementor-widget-container\">\n\t\t\t\t\t\t\t\t\t\t\t\t\t\t\t<img loading=\"lazy\" decoding=\"async\" width=\"200\" height=\"200\" src=\"https:\/\/www.ewos.com\/cl\/wp-content\/uploads\/2023\/11\/vira-limno.jpg\" class=\"attachment-large size-large wp-image-1465\" alt=\"\" srcset=\"https:\/\/www.ewos.com\/cl\/wp-content\/uploads\/2023\/11\/vira-limno.jpg 200w, https:\/\/www.ewos.com\/cl\/wp-content\/uploads\/2023\/11\/vira-limno-150x150.jpg 150w\" sizes=\"(max-width: 200px) 100vw, 200px\" \/>\t\t\t\t\t\t\t\t\t\t\t\t\t\t\t<\/div>\n\t\t\t\t<\/div>\n\t\t\t\t\t<\/div>\n\t\t<\/div>\n\t\t\t\t<div class=\"elementor-column elementor-col-33 elementor-inner-column elementor-element elementor-element-e6efef8\" data-id=\"e6efef8\" data-element_type=\"column\" data-e-type=\"column\">\n\t\t\t<div class=\"elementor-widget-wrap\">\n\t\t\t\t\t\t\t<\/div>\n\t\t<\/div>\n\t\t\t\t<div class=\"elementor-column elementor-col-33 elementor-inner-column elementor-element elementor-element-0ef707e\" data-id=\"0ef707e\" data-element_type=\"column\" data-e-type=\"column\">\n\t\t\t<div class=\"elementor-widget-wrap\">\n\t\t\t\t\t\t\t<\/div>\n\t\t<\/div>\n\t\t\t\t\t<\/div>\n\t\t<\/section>\n\t\t\t\t<div class=\"elementor-element elementor-element-6e66d41 elementor-widget elementor-widget-text-editor\" data-id=\"6e66d41\" data-element_type=\"widget\" data-e-type=\"widget\" data-widget_type=\"text-editor.default\">\n\t\t\t\t<div class=\"elementor-widget-container\">\n\t\t\t\t\t\t\t\t\tPara obtener m\u00e1s informaci\u00f3n, p\u00f3ngase en contacto con su Feed Consultant.\t\t\t\t\t\t\t\t<\/div>\n\t\t\t\t<\/div>\n\t\t\t\t<div class=\"elementor-element elementor-element-0c53eab elementor-widget-divider--view-line elementor-widget elementor-widget-divider\" data-id=\"0c53eab\" data-element_type=\"widget\" data-e-type=\"widget\" data-widget_type=\"divider.default\">\n\t\t\t\t<div class=\"elementor-widget-container\">\n\t\t\t\t\t\t\t<div class=\"elementor-divider\">\n\t\t\t<span class=\"elementor-divider-separator\">\n\t\t\t\t\t\t<\/span>\n\t\t<\/div>\n\t\t\t\t\t\t<\/div>\n\t\t\t\t<\/div>\n\t\t\t\t<div class=\"elementor-element elementor-element-3ab13e8 elementor-widget elementor-widget-jet-posts\" data-id=\"3ab13e8\" data-element_type=\"widget\" data-e-type=\"widget\" data-settings=\"{&quot;columns_tablet&quot;:&quot;2&quot;,&quot;columns_mobile&quot;:&quot;1&quot;,&quot;columns&quot;:3,&quot;slides_to_scroll&quot;:&quot;1&quot;}\" data-widget_type=\"jet-posts.default\">\n\t\t\t\t<div class=\"elementor-widget-container\">\n\t\t\t\t\t<div class=\"elementor-jet-posts jet-elements\"><div class=\"jet-carousel elementor-slick-slider\" data-slider_options=\"{&quot;autoplaySpeed&quot;:5000,&quot;autoplay&quot;:true,&quot;infinite&quot;:true,&quot;pauseOnHover&quot;:false,&quot;speed&quot;:500,&quot;arrows&quot;:true,&quot;dots&quot;:false,&quot;slidesToScroll&quot;:1,&quot;prevArrow&quot;:&quot;.jet-posts__prev-arrow-3ab13e8&quot;,&quot;nextArrow&quot;:&quot;.jet-posts__next-arrow-3ab13e8&quot;,&quot;rtl&quot;:false}\" dir=\"ltr\"><div class=\"jet-posts col-row  jet-equal-cols\"><div class=\"jet-posts__prev-arrow-3ab13e8 jet-arrow prev-arrow\"><svg aria-hidden=\"true\" class=\"e-font-icon-svg e-fas-angle-left\" viewBox=\"0 0 256 512\" xmlns=\"http:\/\/www.w3.org\/2000\/svg\"><path d=\"M31.7 239l136-136c9.4-9.4 24.6-9.4 33.9 0l22.6 22.6c9.4 9.4 9.4 24.6 0 33.9L127.9 256l96.4 96.4c9.4 9.4 9.4 24.6 0 33.9L201.7 409c-9.4 9.4-24.6 9.4-33.9 0l-136-136c-9.5-9.4-9.5-24.6-.1-34z\"><\/path><\/svg><\/div><div class=\"jet-posts__next-arrow-3ab13e8 jet-arrow next-arrow\"><svg aria-hidden=\"true\" class=\"e-font-icon-svg e-fas-angle-right\" viewBox=\"0 0 256 512\" xmlns=\"http:\/\/www.w3.org\/2000\/svg\"><path d=\"M224.3 273l-136 136c-9.4 9.4-24.6 9.4-33.9 0l-22.6-22.6c-9.4-9.4-9.4-24.6 0-33.9l96.4-96.4-96.4-96.4c-9.4-9.4-9.4-24.6 0-33.9L54.3 103c9.4-9.4 24.6-9.4 33.9 0l136 136c9.5 9.4 9.5 24.6.1 34z\"><\/path><\/svg><\/div><div class=\"jet-posts__item\">\n\t<div class=\"jet-posts__inner-box\"><div class=\"post-thumbnail\"><a href=\"https:\/\/www.ewos.com\/cl\/cargill-perfecciona-dieta-de-agua-dulce-para-los-primeros-dias-de-vida\/\" class=\"post-thumbnail__link\"><img loading=\"lazy\" decoding=\"async\" class=\"post-thumbnail__img wp-post-image\" src=\"https:\/\/www.ewos.com\/cl\/wp-content\/uploads\/2024\/02\/MicroStart-Base-P-1-370x265.jpg\" alt=\"Cargill perfecciona dieta de agua dulce para los primeros d\u00edas de vida\" loading=\"lazy\" width=\"370\" height=\"265\"><\/a><\/div><div class=\"jet-posts__inner-content\"><h4 class=\"entry-title\"><a href=\"https:\/\/www.ewos.com\/cl\/cargill-perfecciona-dieta-de-agua-dulce-para-los-primeros-dias-de-vida\/\" target=\"\">Cargill perfecciona dieta de agua dulce para los primeros d\u00edas de vida<\/a><\/h4><div class=\"post-meta\"><span class=\"post__date post-meta__item\"><a href=\"https:\/\/www.ewos.com\/cl\/2024\/02\/22\/\"  class=\"post__date-link\" ><time datetime=\"2024-02-22T10:53:00+00:00\" title=\"2024-02-22T10:53:00+00:00\">February 22, 2024<\/time><\/a><\/span><\/div><div class=\"entry-excerpt\">MICRO START+, ha perfeccionado el dise\u00f1o de su f\u00f3rmula convirti\u00e9ndose en la mejor alternativa para los primeros d\u00edas de vida,&hellip;<\/div><div class=\"jet-more-wrap\"><a href=\"https:\/\/www.ewos.com\/cl\/cargill-perfecciona-dieta-de-agua-dulce-para-los-primeros-dias-de-vida\/\" class=\"btn btn-primary elementor-button elementor-size-md jet-more\" target=\"\"><span class=\"btn__text\">Read More<\/span><\/a><\/div><\/div><\/div>\n<\/div>\n<\/div>\n<\/div><\/div>\t\t\t\t<\/div>\n\t\t\t\t<\/div>\n\t\t\t\t\t<\/div>\n\t\t<\/div>\n\t\t\t\t\t<\/div>\n\t\t<\/section>\n\t\t\t\t<\/div>\n\t\t","protected":false},"excerpt":{"rendered":"<p>Agua Dulce Conoce todo nuestro portafolio de dietas de agua dulce, especialmente dise\u00f1adas para las necesidades de los peces en la primera alimentaci\u00f3n. Los alimentos para la etapa de agua dulce de Cargill se basan en la investigaci\u00f3n, el desarrollo y la experiencia de muchos a\u00f1os de trabajo con nuestros clientes. Esto nos permite ofrecer [&hellip;]<\/p>\n","protected":false},"author":1,"featured_media":1456,"parent":1002,"menu_order":4,"comment_status":"closed","ping_status":"closed","template":"","meta":{"footnotes":""},"class_list":["post-974","page","type-page","status-publish","has-post-thumbnail","hentry"],"yoast_head":"<!-- This site is optimized with the Yoast SEO plugin v27.4 - https:\/\/yoast.com\/product\/yoast-seo-wordpress\/ -->\n<title>Agua Dulce - EWOS - Chile<\/title>\n<meta name=\"robots\" content=\"index, follow, max-snippet:-1, max-image-preview:large, max-video-preview:-1\" \/>\n<link rel=\"canonical\" href=\"https:\/\/www.ewos.com\/cl\/productos\/agua-dulce\/\" \/>\n<meta property=\"og:locale\" content=\"en_US\" \/>\n<meta property=\"og:type\" content=\"article\" \/>\n<meta property=\"og:title\" content=\"Agua Dulce - EWOS - Chile\" \/>\n<meta property=\"og:description\" content=\"Agua Dulce Conoce todo nuestro portafolio de dietas de agua dulce, especialmente dise\u00f1adas para las necesidades de los peces en la primera alimentaci\u00f3n. Los alimentos para la etapa de agua dulce de Cargill se basan en la investigaci\u00f3n, el desarrollo y la experiencia de muchos a\u00f1os de trabajo con nuestros clientes. Esto nos permite ofrecer [&hellip;]\" \/>\n<meta property=\"og:url\" content=\"https:\/\/www.ewos.com\/cl\/productos\/agua-dulce\/\" \/>\n<meta property=\"og:site_name\" content=\"EWOS - Chile\" \/>\n<meta property=\"article:modified_time\" content=\"2024-02-22T13:48:01+00:00\" \/>\n<meta property=\"og:image\" content=\"https:\/\/www.ewos.com\/cl\/wp-content\/uploads\/2023\/11\/cargill_puertomontt_ago2019-23.jpg\" \/>\n\t<meta property=\"og:image:width\" content=\"1200\" \/>\n\t<meta property=\"og:image:height\" content=\"700\" \/>\n\t<meta property=\"og:image:type\" content=\"image\/jpeg\" \/>\n<meta name=\"twitter:card\" content=\"summary_large_image\" \/>\n<meta name=\"twitter:label1\" content=\"Est. reading time\" \/>\n\t<meta name=\"twitter:data1\" content=\"1 minute\" \/>\n<script type=\"application\/ld+json\" class=\"yoast-schema-graph\">{\"@context\":\"https:\\\/\\\/schema.org\",\"@graph\":[{\"@type\":\"WebPage\",\"@id\":\"https:\\\/\\\/www.ewos.com\\\/cl\\\/productos\\\/agua-dulce\\\/\",\"url\":\"https:\\\/\\\/www.ewos.com\\\/cl\\\/productos\\\/agua-dulce\\\/\",\"name\":\"Agua Dulce - EWOS - Chile\",\"isPartOf\":{\"@id\":\"https:\\\/\\\/www.ewos.com\\\/cl\\\/#website\"},\"primaryImageOfPage\":{\"@id\":\"https:\\\/\\\/www.ewos.com\\\/cl\\\/productos\\\/agua-dulce\\\/#primaryimage\"},\"image\":{\"@id\":\"https:\\\/\\\/www.ewos.com\\\/cl\\\/productos\\\/agua-dulce\\\/#primaryimage\"},\"thumbnailUrl\":\"https:\\\/\\\/www.ewos.com\\\/cl\\\/wp-content\\\/uploads\\\/2023\\\/11\\\/cargill_puertomontt_ago2019-23.jpg\",\"datePublished\":\"2023-11-14T19:30:24+00:00\",\"dateModified\":\"2024-02-22T13:48:01+00:00\",\"breadcrumb\":{\"@id\":\"https:\\\/\\\/www.ewos.com\\\/cl\\\/productos\\\/agua-dulce\\\/#breadcrumb\"},\"inLanguage\":\"en\",\"potentialAction\":[{\"@type\":\"ReadAction\",\"target\":[\"https:\\\/\\\/www.ewos.com\\\/cl\\\/productos\\\/agua-dulce\\\/\"]}]},{\"@type\":\"ImageObject\",\"inLanguage\":\"en\",\"@id\":\"https:\\\/\\\/www.ewos.com\\\/cl\\\/productos\\\/agua-dulce\\\/#primaryimage\",\"url\":\"https:\\\/\\\/www.ewos.com\\\/cl\\\/wp-content\\\/uploads\\\/2023\\\/11\\\/cargill_puertomontt_ago2019-23.jpg\",\"contentUrl\":\"https:\\\/\\\/www.ewos.com\\\/cl\\\/wp-content\\\/uploads\\\/2023\\\/11\\\/cargill_puertomontt_ago2019-23.jpg\",\"width\":1200,\"height\":700},{\"@type\":\"BreadcrumbList\",\"@id\":\"https:\\\/\\\/www.ewos.com\\\/cl\\\/productos\\\/agua-dulce\\\/#breadcrumb\",\"itemListElement\":[{\"@type\":\"ListItem\",\"position\":1,\"name\":\"Home\",\"item\":\"https:\\\/\\\/www.ewos.com\\\/cl\\\/\"},{\"@type\":\"ListItem\",\"position\":2,\"name\":\"Productos\",\"item\":\"https:\\\/\\\/www.ewos.com\\\/cl\\\/productos\\\/\"},{\"@type\":\"ListItem\",\"position\":3,\"name\":\"Agua Dulce\"}]},{\"@type\":\"WebSite\",\"@id\":\"https:\\\/\\\/www.ewos.com\\\/cl\\\/#website\",\"url\":\"https:\\\/\\\/www.ewos.com\\\/cl\\\/\",\"name\":\"EWOS - Chile\",\"description\":\"\",\"potentialAction\":[{\"@type\":\"SearchAction\",\"target\":{\"@type\":\"EntryPoint\",\"urlTemplate\":\"https:\\\/\\\/www.ewos.com\\\/cl\\\/?s={search_term_string}\"},\"query-input\":{\"@type\":\"PropertyValueSpecification\",\"valueRequired\":true,\"valueName\":\"search_term_string\"}}],\"inLanguage\":\"en\"}]}<\/script>\n<!-- \/ Yoast SEO plugin. -->","yoast_head_json":{"title":"Agua Dulce - EWOS - Chile","robots":{"index":"index","follow":"follow","max-snippet":"max-snippet:-1","max-image-preview":"max-image-preview:large","max-video-preview":"max-video-preview:-1"},"canonical":"https:\/\/www.ewos.com\/cl\/productos\/agua-dulce\/","og_locale":"en_US","og_type":"article","og_title":"Agua Dulce - EWOS - Chile","og_description":"Agua Dulce Conoce todo nuestro portafolio de dietas de agua dulce, especialmente dise\u00f1adas para las necesidades de los peces en la primera alimentaci\u00f3n. Los alimentos para la etapa de agua dulce de Cargill se basan en la investigaci\u00f3n, el desarrollo y la experiencia de muchos a\u00f1os de trabajo con nuestros clientes. Esto nos permite ofrecer [&hellip;]","og_url":"https:\/\/www.ewos.com\/cl\/productos\/agua-dulce\/","og_site_name":"EWOS - Chile","article_modified_time":"2024-02-22T13:48:01+00:00","og_image":[{"width":1200,"height":700,"url":"https:\/\/www.ewos.com\/cl\/wp-content\/uploads\/2023\/11\/cargill_puertomontt_ago2019-23.jpg","type":"image\/jpeg"}],"twitter_card":"summary_large_image","twitter_misc":{"Est. reading time":"1 minute"},"schema":{"@context":"https:\/\/schema.org","@graph":[{"@type":"WebPage","@id":"https:\/\/www.ewos.com\/cl\/productos\/agua-dulce\/","url":"https:\/\/www.ewos.com\/cl\/productos\/agua-dulce\/","name":"Agua Dulce - EWOS - Chile","isPartOf":{"@id":"https:\/\/www.ewos.com\/cl\/#website"},"primaryImageOfPage":{"@id":"https:\/\/www.ewos.com\/cl\/productos\/agua-dulce\/#primaryimage"},"image":{"@id":"https:\/\/www.ewos.com\/cl\/productos\/agua-dulce\/#primaryimage"},"thumbnailUrl":"https:\/\/www.ewos.com\/cl\/wp-content\/uploads\/2023\/11\/cargill_puertomontt_ago2019-23.jpg","datePublished":"2023-11-14T19:30:24+00:00","dateModified":"2024-02-22T13:48:01+00:00","breadcrumb":{"@id":"https:\/\/www.ewos.com\/cl\/productos\/agua-dulce\/#breadcrumb"},"inLanguage":"en","potentialAction":[{"@type":"ReadAction","target":["https:\/\/www.ewos.com\/cl\/productos\/agua-dulce\/"]}]},{"@type":"ImageObject","inLanguage":"en","@id":"https:\/\/www.ewos.com\/cl\/productos\/agua-dulce\/#primaryimage","url":"https:\/\/www.ewos.com\/cl\/wp-content\/uploads\/2023\/11\/cargill_puertomontt_ago2019-23.jpg","contentUrl":"https:\/\/www.ewos.com\/cl\/wp-content\/uploads\/2023\/11\/cargill_puertomontt_ago2019-23.jpg","width":1200,"height":700},{"@type":"BreadcrumbList","@id":"https:\/\/www.ewos.com\/cl\/productos\/agua-dulce\/#breadcrumb","itemListElement":[{"@type":"ListItem","position":1,"name":"Home","item":"https:\/\/www.ewos.com\/cl\/"},{"@type":"ListItem","position":2,"name":"Productos","item":"https:\/\/www.ewos.com\/cl\/productos\/"},{"@type":"ListItem","position":3,"name":"Agua Dulce"}]},{"@type":"WebSite","@id":"https:\/\/www.ewos.com\/cl\/#website","url":"https:\/\/www.ewos.com\/cl\/","name":"EWOS - Chile","description":"","potentialAction":[{"@type":"SearchAction","target":{"@type":"EntryPoint","urlTemplate":"https:\/\/www.ewos.com\/cl\/?s={search_term_string}"},"query-input":{"@type":"PropertyValueSpecification","valueRequired":true,"valueName":"search_term_string"}}],"inLanguage":"en"}]}},"_links":{"self":[{"href":"https:\/\/www.ewos.com\/cl\/wp-json\/wp\/v2\/pages\/974","targetHints":{"allow":["GET"]}}],"collection":[{"href":"https:\/\/www.ewos.com\/cl\/wp-json\/wp\/v2\/pages"}],"about":[{"href":"https:\/\/www.ewos.com\/cl\/wp-json\/wp\/v2\/types\/page"}],"author":[{"embeddable":true,"href":"https:\/\/www.ewos.com\/cl\/wp-json\/wp\/v2\/users\/1"}],"replies":[{"embeddable":true,"href":"https:\/\/www.ewos.com\/cl\/wp-json\/wp\/v2\/comments?post=974"}],"version-history":[{"count":27,"href":"https:\/\/www.ewos.com\/cl\/wp-json\/wp\/v2\/pages\/974\/revisions"}],"predecessor-version":[{"id":1812,"href":"https:\/\/www.ewos.com\/cl\/wp-json\/wp\/v2\/pages\/974\/revisions\/1812"}],"up":[{"embeddable":true,"href":"https:\/\/www.ewos.com\/cl\/wp-json\/wp\/v2\/pages\/1002"}],"wp:featuredmedia":[{"embeddable":true,"href":"https:\/\/www.ewos.com\/cl\/wp-json\/wp\/v2\/media\/1456"}],"wp:attachment":[{"href":"https:\/\/www.ewos.com\/cl\/wp-json\/wp\/v2\/media?parent=974"}],"curies":[{"name":"wp","href":"https:\/\/api.w.org\/{rel}","templated":true}]}}