{"id":8,"date":"2018-07-03T09:58:27","date_gmt":"2018-07-03T09:58:27","guid":{"rendered":"https:\/\/ld-wp73.template-help.com\/monstroid2\/skins\/backpackstory\/?page_id=8"},"modified":"2025-08-28T16:37:46","modified_gmt":"2025-08-28T16:37:46","slug":"home","status":"publish","type":"page","link":"https:\/\/www.ewos.com\/cl\/","title":{"rendered":"Home"},"content":{"rendered":"\t\t<div data-elementor-type=\"wp-post\" data-elementor-id=\"8\" class=\"elementor elementor-8\" data-elementor-post-type=\"page\">\n\t\t\t\t\t\t<section class=\"elementor-section elementor-top-section elementor-element elementor-element-3065366 elementor-section-full_width elementor-section-content-bottom elementor-section-height-min-height elementor-section-height-default elementor-section-items-middle\" data-id=\"3065366\" data-element_type=\"section\" data-e-type=\"section\" data-settings=\"{&quot;jet_parallax_layout_list&quot;:[],&quot;background_background&quot;:&quot;classic&quot;}\">\n\t\t\t\t\t\t\t<div class=\"elementor-background-overlay\"><\/div>\n\t\t\t\t\t\t\t<div class=\"elementor-container elementor-column-gap-default\">\n\t\t\t\t\t<div class=\"elementor-column elementor-col-50 elementor-top-column elementor-element elementor-element-1136cf1\" data-id=\"1136cf1\" data-element_type=\"column\" data-e-type=\"column\">\n\t\t\t<div class=\"elementor-widget-wrap elementor-element-populated\">\n\t\t\t\t\t\t<div class=\"elementor-element elementor-element-b6d71e3 elementor-widget__width-initial elementor-widget elementor-widget-heading\" data-id=\"b6d71e3\" data-element_type=\"widget\" data-e-type=\"widget\" data-widget_type=\"heading.default\">\n\t\t\t\t<div class=\"elementor-widget-container\">\n\t\t\t\t\t<h1 class=\"elementor-heading-title elementor-size-default\">Cargill, a trav\u00e9s de su marca EWOS, ha desarrollado desde hace a\u00f1os productos con foco en la calidad final.<\/h1>\t\t\t\t<\/div>\n\t\t\t\t<\/div>\n\t\t\t\t<div class=\"elementor-element elementor-element-b59387d elementor-widget elementor-widget-heading\" data-id=\"b59387d\" data-element_type=\"widget\" data-e-type=\"widget\" data-widget_type=\"heading.default\">\n\t\t\t\t<div class=\"elementor-widget-container\">\n\t\t\t\t\t<h2 class=\"elementor-heading-title elementor-size-default\">El Pack TopQ, posee una combinaci\u00f3n de componentes formulados para promover atributos deseables que mejoran la calidad final del filete, cuyo m\u00e1s reciente estudio demostr\u00f3 reducir en m\u00e1s de un 30% la melanosis.<\/h2>\t\t\t\t<\/div>\n\t\t\t\t<\/div>\n\t\t\t\t\t<\/div>\n\t\t<\/div>\n\t\t\t\t<div class=\"elementor-column elementor-col-50 elementor-top-column elementor-element elementor-element-db0039e\" data-id=\"db0039e\" data-element_type=\"column\" data-e-type=\"column\">\n\t\t\t<div class=\"elementor-widget-wrap\">\n\t\t\t\t\t\t\t<\/div>\n\t\t<\/div>\n\t\t\t\t\t<\/div>\n\t\t<\/section>\n\t\t\t\t<section class=\"elementor-section elementor-top-section elementor-element elementor-element-e3d7e8f elementor-section-boxed elementor-section-height-default elementor-section-height-default\" data-id=\"e3d7e8f\" data-element_type=\"section\" data-e-type=\"section\" data-settings=\"{&quot;jet_parallax_layout_list&quot;:[]}\">\n\t\t\t\t\t\t<div class=\"elementor-container elementor-column-gap-default\">\n\t\t\t\t\t<div class=\"elementor-column elementor-col-100 elementor-top-column elementor-element elementor-element-3975768\" data-id=\"3975768\" data-element_type=\"column\" data-e-type=\"column\">\n\t\t\t<div class=\"elementor-widget-wrap elementor-element-populated\">\n\t\t\t\t\t\t<div class=\"elementor-element elementor-element-f607e1e elementor-grid-3 elementor-grid-tablet-2 elementor-grid-mobile-1 elementor-posts--thumbnail-top elementor-posts--show-avatar elementor-card-shadow-yes elementor-posts__hover-gradient load-more-align-center elementor-widget elementor-widget-posts\" data-id=\"f607e1e\" data-element_type=\"widget\" data-e-type=\"widget\" data-settings=\"{&quot;pagination_type&quot;:&quot;load_more_on_click&quot;,&quot;cards_columns&quot;:&quot;3&quot;,&quot;cards_columns_tablet&quot;:&quot;2&quot;,&quot;cards_columns_mobile&quot;:&quot;1&quot;,&quot;cards_row_gap&quot;:{&quot;unit&quot;:&quot;px&quot;,&quot;size&quot;:35,&quot;sizes&quot;:[]},&quot;cards_row_gap_tablet&quot;:{&quot;unit&quot;:&quot;px&quot;,&quot;size&quot;:&quot;&quot;,&quot;sizes&quot;:[]},&quot;cards_row_gap_mobile&quot;:{&quot;unit&quot;:&quot;px&quot;,&quot;size&quot;:&quot;&quot;,&quot;sizes&quot;:[]},&quot;load_more_spinner&quot;:{&quot;value&quot;:&quot;fas fa-spinner&quot;,&quot;library&quot;:&quot;fa-solid&quot;}}\" data-widget_type=\"posts.cards\">\n\t\t\t\t<div class=\"elementor-widget-container\">\n\t\t\t\t\t\t\t<div class=\"elementor-posts-container elementor-posts elementor-posts--skin-cards elementor-grid\" role=\"list\">\n\t\t\t\t<article class=\"elementor-post elementor-grid-item post-2071 post type-post status-publish format-standard has-post-thumbnail hentry category-productos category-uncategorized\" role=\"listitem\">\n\t\t\t<div class=\"elementor-post__card\">\n\t\t\t\t<a class=\"elementor-post__thumbnail__link\" href=\"https:\/\/www.ewos.com\/cl\/bacter-activa-y-protege-el-sistema-inmune\/\" tabindex=\"-1\" ><div class=\"elementor-post__thumbnail\"><img fetchpriority=\"high\" decoding=\"async\" width=\"605\" height=\"456\" src=\"https:\/\/www.ewos.com\/cl\/wp-content\/uploads\/2024\/09\/Captura-de-pantalla-2024-09-25-113108-1.png\" class=\"attachment-full size-full wp-image-2074\" alt=\"\" srcset=\"https:\/\/www.ewos.com\/cl\/wp-content\/uploads\/2024\/09\/Captura-de-pantalla-2024-09-25-113108-1.png 605w, https:\/\/www.ewos.com\/cl\/wp-content\/uploads\/2024\/09\/Captura-de-pantalla-2024-09-25-113108-1-300x226.png 300w, https:\/\/www.ewos.com\/cl\/wp-content\/uploads\/2024\/09\/Captura-de-pantalla-2024-09-25-113108-1-600x452.png 600w\" sizes=\"(max-width: 605px) 100vw, 605px\" \/><\/div><\/a>\n\t\t\t\t<div class=\"elementor-post__badge\">PRODUCTOS<\/div>\n\t\t\t\t<div class=\"elementor-post__avatar\">\n\t\t\t\t\t<\/div>\n\t\t\t\t<div class=\"elementor-post__text\">\n\t\t\t\t<h3 class=\"elementor-post__title\">\n\t\t\t<a href=\"https:\/\/www.ewos.com\/cl\/bacter-activa-y-protege-el-sistema-inmune\/\" >\n\t\t\t\tBacter, activa y protege el sistema inmune\t\t\t<\/a>\n\t\t<\/h3>\n\t\t\n\t\t<a class=\"elementor-post__read-more\" href=\"https:\/\/www.ewos.com\/cl\/bacter-activa-y-protege-el-sistema-inmune\/\" aria-label=\"Read more about Bacter, activa y protege el sistema inmune\" tabindex=\"-1\" >\n\t\t\tRead More \u00bb\t\t<\/a>\n\n\t\t\t\t<\/div>\n\t\t\t\t\t<\/div>\n\t\t<\/article>\n\t\t\t\t<article class=\"elementor-post elementor-grid-item post-2034 post type-post status-publish format-standard has-post-thumbnail hentry category-noticias category-uncategorized\" role=\"listitem\">\n\t\t\t<div class=\"elementor-post__card\">\n\t\t\t\t<a class=\"elementor-post__thumbnail__link\" href=\"https:\/\/www.ewos.com\/cl\/limpieza-de-playas-junto-a-nuestro-cliente-empresas-yadran\/\" tabindex=\"-1\" ><div class=\"elementor-post__thumbnail\"><img decoding=\"async\" width=\"1869\" height=\"977\" src=\"https:\/\/www.ewos.com\/cl\/wp-content\/uploads\/2024\/09\/Captura-de-pantalla-2024-09-10-095156.png\" class=\"attachment-full size-full wp-image-2035\" alt=\"\" srcset=\"https:\/\/www.ewos.com\/cl\/wp-content\/uploads\/2024\/09\/Captura-de-pantalla-2024-09-10-095156.png 1869w, https:\/\/www.ewos.com\/cl\/wp-content\/uploads\/2024\/09\/Captura-de-pantalla-2024-09-10-095156-300x157.png 300w, https:\/\/www.ewos.com\/cl\/wp-content\/uploads\/2024\/09\/Captura-de-pantalla-2024-09-10-095156-1024x535.png 1024w, https:\/\/www.ewos.com\/cl\/wp-content\/uploads\/2024\/09\/Captura-de-pantalla-2024-09-10-095156-768x401.png 768w, https:\/\/www.ewos.com\/cl\/wp-content\/uploads\/2024\/09\/Captura-de-pantalla-2024-09-10-095156-1536x803.png 1536w, https:\/\/www.ewos.com\/cl\/wp-content\/uploads\/2024\/09\/Captura-de-pantalla-2024-09-10-095156-600x314.png 600w\" sizes=\"(max-width: 1869px) 100vw, 1869px\" \/><\/div><\/a>\n\t\t\t\t<div class=\"elementor-post__badge\">Noticias<\/div>\n\t\t\t\t<div class=\"elementor-post__avatar\">\n\t\t\t\t\t<\/div>\n\t\t\t\t<div class=\"elementor-post__text\">\n\t\t\t\t<h3 class=\"elementor-post__title\">\n\t\t\t<a href=\"https:\/\/www.ewos.com\/cl\/limpieza-de-playas-junto-a-nuestro-cliente-empresas-yadran\/\" >\n\t\t\t\tLimpieza de Playas junto a nuestro cliente, Empresas Yadr\u00e1n.\t\t\t<\/a>\n\t\t<\/h3>\n\t\t\n\t\t<a class=\"elementor-post__read-more\" href=\"https:\/\/www.ewos.com\/cl\/limpieza-de-playas-junto-a-nuestro-cliente-empresas-yadran\/\" aria-label=\"Read more about Limpieza de Playas junto a nuestro cliente, Empresas Yadr\u00e1n.\" tabindex=\"-1\" >\n\t\t\tRead More \u00bb\t\t<\/a>\n\n\t\t\t\t<\/div>\n\t\t\t\t\t<\/div>\n\t\t<\/article>\n\t\t\t\t<article class=\"elementor-post elementor-grid-item post-1652 post type-post status-publish format-standard has-post-thumbnail hentry category-noticias\" role=\"listitem\">\n\t\t\t<div class=\"elementor-post__card\">\n\t\t\t\t<a class=\"elementor-post__thumbnail__link\" href=\"https:\/\/www.ewos.com\/cl\/202302-visita-embajadora\/\" tabindex=\"-1\" ><div class=\"elementor-post__thumbnail\"><img decoding=\"async\" width=\"1200\" height=\"700\" src=\"https:\/\/www.ewos.com\/cl\/wp-content\/uploads\/2023\/12\/img-20230207-wa0013.jpg\" class=\"attachment-full size-full wp-image-1653\" alt=\"\" srcset=\"https:\/\/www.ewos.com\/cl\/wp-content\/uploads\/2023\/12\/img-20230207-wa0013.jpg 1200w, https:\/\/www.ewos.com\/cl\/wp-content\/uploads\/2023\/12\/img-20230207-wa0013-300x175.jpg 300w, https:\/\/www.ewos.com\/cl\/wp-content\/uploads\/2023\/12\/img-20230207-wa0013-1024x597.jpg 1024w, https:\/\/www.ewos.com\/cl\/wp-content\/uploads\/2023\/12\/img-20230207-wa0013-768x448.jpg 768w, https:\/\/www.ewos.com\/cl\/wp-content\/uploads\/2023\/12\/img-20230207-wa0013-600x350.jpg 600w\" sizes=\"(max-width: 1200px) 100vw, 1200px\" \/><\/div><\/a>\n\t\t\t\t<div class=\"elementor-post__badge\">Noticias<\/div>\n\t\t\t\t<div class=\"elementor-post__avatar\">\n\t\t\t\t\t<\/div>\n\t\t\t\t<div class=\"elementor-post__text\">\n\t\t\t\t<h3 class=\"elementor-post__title\">\n\t\t\t<a href=\"https:\/\/www.ewos.com\/cl\/202302-visita-embajadora\/\" >\n\t\t\t\tEmbajadora de Estados Unidos en Chile visit\u00f3 Cargill Innovation Center\t\t\t<\/a>\n\t\t<\/h3>\n\t\t\n\t\t<a class=\"elementor-post__read-more\" href=\"https:\/\/www.ewos.com\/cl\/202302-visita-embajadora\/\" aria-label=\"Read more about Embajadora de Estados Unidos en Chile visit\u00f3 Cargill Innovation Center\" tabindex=\"-1\" >\n\t\t\tRead More \u00bb\t\t<\/a>\n\n\t\t\t\t<\/div>\n\t\t\t\t\t<\/div>\n\t\t<\/article>\n\t\t\t\t<\/div>\n\t\t\t\t\t<span class=\"e-load-more-spinner\">\n\t\t\t\t<svg aria-hidden=\"true\" class=\"e-font-icon-svg e-fas-spinner\" viewBox=\"0 0 512 512\" xmlns=\"http:\/\/www.w3.org\/2000\/svg\"><path d=\"M304 48c0 26.51-21.49 48-48 48s-48-21.49-48-48 21.49-48 48-48 48 21.49 48 48zm-48 368c-26.51 0-48 21.49-48 48s21.49 48 48 48 48-21.49 48-48-21.49-48-48-48zm208-208c-26.51 0-48 21.49-48 48s21.49 48 48 48 48-21.49 48-48-21.49-48-48-48zM96 256c0-26.51-21.49-48-48-48S0 229.49 0 256s21.49 48 48 48 48-21.49 48-48zm12.922 99.078c-26.51 0-48 21.49-48 48s21.49 48 48 48 48-21.49 48-48c0-26.509-21.491-48-48-48zm294.156 0c-26.51 0-48 21.49-48 48s21.49 48 48 48 48-21.49 48-48c0-26.509-21.49-48-48-48zM108.922 60.922c-26.51 0-48 21.49-48 48s21.49 48 48 48 48-21.49 48-48-21.491-48-48-48z\"><\/path><\/svg>\t\t\t<\/span>\n\t\t\n\t\t\t\t\t\t<\/div>\n\t\t\t\t<\/div>\n\t\t\t\t\t<\/div>\n\t\t<\/div>\n\t\t\t\t\t<\/div>\n\t\t<\/section>\n\t\t\t\t<\/div>\n\t\t","protected":false},"excerpt":{"rendered":"<p>Cargill, a trav\u00e9s de su marca EWOS, ha desarrollado desde hace a\u00f1os productos con foco en la calidad final. El Pack TopQ, posee una combinaci\u00f3n<\/p>\n","protected":false},"author":1,"featured_media":0,"parent":0,"menu_order":2,"comment_status":"closed","ping_status":"closed","template":"elementor_header_footer","meta":{"footnotes":""},"class_list":["post-8","page","type-page","status-publish","hentry"],"yoast_head":"<!-- This site is optimized with the Yoast SEO plugin v27.4 - https:\/\/yoast.com\/product\/yoast-seo-wordpress\/ -->\n<title>Home - EWOS - Chile<\/title>\n<meta name=\"robots\" content=\"index, follow, max-snippet:-1, max-image-preview:large, max-video-preview:-1\" \/>\n<link rel=\"canonical\" href=\"https:\/\/www.ewos.com\/cl\/\" \/>\n<meta property=\"og:locale\" content=\"en_US\" \/>\n<meta property=\"og:type\" content=\"article\" \/>\n<meta property=\"og:title\" content=\"Home - EWOS - Chile\" \/>\n<meta property=\"og:description\" content=\"Cargill, a trav\u00e9s de su marca EWOS, ha desarrollado desde hace a\u00f1os productos con foco en la calidad final. El Pack TopQ, posee una combinaci\u00f3n\" \/>\n<meta property=\"og:url\" content=\"https:\/\/www.ewos.com\/cl\/\" \/>\n<meta property=\"og:site_name\" content=\"EWOS - Chile\" \/>\n<meta property=\"article:modified_time\" content=\"2025-08-28T16:37:46+00:00\" \/>\n<meta name=\"twitter:card\" content=\"summary_large_image\" \/>\n<meta name=\"twitter:label1\" content=\"Est. reading time\" \/>\n\t<meta name=\"twitter:data1\" content=\"1 minute\" \/>\n<script type=\"application\/ld+json\" class=\"yoast-schema-graph\">{\"@context\":\"https:\\\/\\\/schema.org\",\"@graph\":[{\"@type\":\"WebPage\",\"@id\":\"https:\\\/\\\/www.ewos.com\\\/cl\\\/\",\"url\":\"https:\\\/\\\/www.ewos.com\\\/cl\\\/\",\"name\":\"Home - EWOS - Chile\",\"isPartOf\":{\"@id\":\"https:\\\/\\\/www.ewos.com\\\/cl\\\/#website\"},\"datePublished\":\"2018-07-03T09:58:27+00:00\",\"dateModified\":\"2025-08-28T16:37:46+00:00\",\"breadcrumb\":{\"@id\":\"https:\\\/\\\/www.ewos.com\\\/cl\\\/#breadcrumb\"},\"inLanguage\":\"en\",\"potentialAction\":[{\"@type\":\"ReadAction\",\"target\":[\"https:\\\/\\\/www.ewos.com\\\/cl\\\/\"]}]},{\"@type\":\"BreadcrumbList\",\"@id\":\"https:\\\/\\\/www.ewos.com\\\/cl\\\/#breadcrumb\",\"itemListElement\":[{\"@type\":\"ListItem\",\"position\":1,\"name\":\"Home\",\"item\":\"https:\\\/\\\/www.ewos.com\\\/cl\\\/\"},{\"@type\":\"ListItem\",\"position\":2,\"name\":\"Home\"}]},{\"@type\":\"WebSite\",\"@id\":\"https:\\\/\\\/www.ewos.com\\\/cl\\\/#website\",\"url\":\"https:\\\/\\\/www.ewos.com\\\/cl\\\/\",\"name\":\"EWOS - Chile\",\"description\":\"\",\"potentialAction\":[{\"@type\":\"SearchAction\",\"target\":{\"@type\":\"EntryPoint\",\"urlTemplate\":\"https:\\\/\\\/www.ewos.com\\\/cl\\\/?s={search_term_string}\"},\"query-input\":{\"@type\":\"PropertyValueSpecification\",\"valueRequired\":true,\"valueName\":\"search_term_string\"}}],\"inLanguage\":\"en\"}]}<\/script>\n<!-- \/ Yoast SEO plugin. -->","yoast_head_json":{"title":"Home - EWOS - Chile","robots":{"index":"index","follow":"follow","max-snippet":"max-snippet:-1","max-image-preview":"max-image-preview:large","max-video-preview":"max-video-preview:-1"},"canonical":"https:\/\/www.ewos.com\/cl\/","og_locale":"en_US","og_type":"article","og_title":"Home - EWOS - Chile","og_description":"Cargill, a trav\u00e9s de su marca EWOS, ha desarrollado desde hace a\u00f1os productos con foco en la calidad final. El Pack TopQ, posee una combinaci\u00f3n","og_url":"https:\/\/www.ewos.com\/cl\/","og_site_name":"EWOS - Chile","article_modified_time":"2025-08-28T16:37:46+00:00","twitter_card":"summary_large_image","twitter_misc":{"Est. reading time":"1 minute"},"schema":{"@context":"https:\/\/schema.org","@graph":[{"@type":"WebPage","@id":"https:\/\/www.ewos.com\/cl\/","url":"https:\/\/www.ewos.com\/cl\/","name":"Home - EWOS - Chile","isPartOf":{"@id":"https:\/\/www.ewos.com\/cl\/#website"},"datePublished":"2018-07-03T09:58:27+00:00","dateModified":"2025-08-28T16:37:46+00:00","breadcrumb":{"@id":"https:\/\/www.ewos.com\/cl\/#breadcrumb"},"inLanguage":"en","potentialAction":[{"@type":"ReadAction","target":["https:\/\/www.ewos.com\/cl\/"]}]},{"@type":"BreadcrumbList","@id":"https:\/\/www.ewos.com\/cl\/#breadcrumb","itemListElement":[{"@type":"ListItem","position":1,"name":"Home","item":"https:\/\/www.ewos.com\/cl\/"},{"@type":"ListItem","position":2,"name":"Home"}]},{"@type":"WebSite","@id":"https:\/\/www.ewos.com\/cl\/#website","url":"https:\/\/www.ewos.com\/cl\/","name":"EWOS - Chile","description":"","potentialAction":[{"@type":"SearchAction","target":{"@type":"EntryPoint","urlTemplate":"https:\/\/www.ewos.com\/cl\/?s={search_term_string}"},"query-input":{"@type":"PropertyValueSpecification","valueRequired":true,"valueName":"search_term_string"}}],"inLanguage":"en"}]}},"_links":{"self":[{"href":"https:\/\/www.ewos.com\/cl\/wp-json\/wp\/v2\/pages\/8","targetHints":{"allow":["GET"]}}],"collection":[{"href":"https:\/\/www.ewos.com\/cl\/wp-json\/wp\/v2\/pages"}],"about":[{"href":"https:\/\/www.ewos.com\/cl\/wp-json\/wp\/v2\/types\/page"}],"author":[{"embeddable":true,"href":"https:\/\/www.ewos.com\/cl\/wp-json\/wp\/v2\/users\/1"}],"replies":[{"embeddable":true,"href":"https:\/\/www.ewos.com\/cl\/wp-json\/wp\/v2\/comments?post=8"}],"version-history":[{"count":27,"href":"https:\/\/www.ewos.com\/cl\/wp-json\/wp\/v2\/pages\/8\/revisions"}],"predecessor-version":[{"id":2241,"href":"https:\/\/www.ewos.com\/cl\/wp-json\/wp\/v2\/pages\/8\/revisions\/2241"}],"wp:attachment":[{"href":"https:\/\/www.ewos.com\/cl\/wp-json\/wp\/v2\/media?parent=8"}],"curies":[{"name":"wp","href":"https:\/\/api.w.org\/{rel}","templated":true}]}}