{"id":2224,"date":"2025-08-25T19:30:29","date_gmt":"2025-08-25T19:30:29","guid":{"rendered":"https:\/\/www.ewos.com\/cl\/?page_id=2224"},"modified":"2025-08-25T20:22:00","modified_gmt":"2025-08-25T20:22:00","slug":"effective-energy","status":"publish","type":"page","link":"https:\/\/www.ewos.com\/cl\/effective-energy\/","title":{"rendered":"Effective Energy"},"content":{"rendered":"\t\t<div data-elementor-type=\"wp-page\" data-elementor-id=\"2224\" class=\"elementor elementor-2224\" data-elementor-post-type=\"page\">\n\t\t\t\t\t\t<section class=\"elementor-section elementor-top-section elementor-element elementor-element-da0905f elementor-section-boxed elementor-section-height-default elementor-section-height-default\" data-id=\"da0905f\" data-element_type=\"section\" data-e-type=\"section\" data-settings=\"{&quot;jet_parallax_layout_list&quot;:[]}\">\n\t\t\t\t\t\t<div class=\"elementor-container elementor-column-gap-default\">\n\t\t\t\t\t<div class=\"elementor-column elementor-col-100 elementor-top-column elementor-element elementor-element-f4fb9c6\" data-id=\"f4fb9c6\" data-element_type=\"column\" data-e-type=\"column\">\n\t\t\t<div class=\"elementor-widget-wrap elementor-element-populated\">\n\t\t\t\t\t\t<div class=\"elementor-element elementor-element-e6a63e0 elementor-widget elementor-widget-heading\" data-id=\"e6a63e0\" data-element_type=\"widget\" data-e-type=\"widget\" data-widget_type=\"heading.default\">\n\t\t\t\t<div class=\"elementor-widget-container\">\n\t\t\t\t\t<h3 class=\"elementor-heading-title elementor-size-default\">SUM\u00c9RGETE EN UN NUEVO MUNDO: <br>NUTRICI\u00d3N DE PRECISI\u00d3N PARA EL CULTIVO DEL SALM\u00d3N<\/h3>\t\t\t\t<\/div>\n\t\t\t\t<\/div>\n\t\t\t\t<div class=\"elementor-element elementor-element-3f5ce4d elementor-widget elementor-widget-text-editor\" data-id=\"3f5ce4d\" data-element_type=\"widget\" data-e-type=\"widget\" data-widget_type=\"text-editor.default\">\n\t\t\t\t<div class=\"elementor-widget-container\">\n\t\t\t\t\t\t\t\t\t<p>La poblaci\u00f3n mundial est\u00e1 aumentando r\u00e1pidamente y se espera que para 2050 se a\u00f1adan 2000 millones de personas m\u00e1s. Satisfacer las necesidades nutricionales de esta creciente poblaci\u00f3n requerir\u00e1 una amplia gama de fuentes de prote\u00ednas. Los productos del mar, son un componente vital para abordar esta demanda. A medida que miramos hacia el futuro de la acuicultura, se hace cada vez m\u00e1s evidente que los enfoques innovadores para la nutrici\u00f3n de los peces son vitales para el crecimiento sostenible y la gesti\u00f3n ambiental.<\/p><p>En Cargill Aqua Nutrition, nos hemos embarcado en un viaje para <strong>redefinir la alimentaci\u00f3n del salm\u00f3n<\/strong>, introduciendo conceptos innovadores que apoyan a los productores en su objetivo de optimizar el rendimiento, la salud y la rentabilidad. El desarrollo de nuestra visi\u00f3n sobre la nutrici\u00f3n de precisi\u00f3n comenz\u00f3 en 2015 con \u00abCompass\u00bb, continu\u00f3 en 2021, con el lanzamiento de \u00abEssential Nitrogen\u00bb y ahora ha evolucionado hasta convertirse en \u00abEffective Energy\u00bb.<\/p>\t\t\t\t\t\t\t\t<\/div>\n\t\t\t\t<\/div>\n\t\t\t\t<section class=\"elementor-section elementor-inner-section elementor-element elementor-element-b1804c7 elementor-section-boxed elementor-section-height-default elementor-section-height-default\" data-id=\"b1804c7\" data-element_type=\"section\" data-e-type=\"section\" data-settings=\"{&quot;jet_parallax_layout_list&quot;:[]}\">\n\t\t\t\t\t\t<div class=\"elementor-container elementor-column-gap-default\">\n\t\t\t\t\t<div class=\"elementor-column elementor-col-50 elementor-inner-column elementor-element elementor-element-06d9f71\" data-id=\"06d9f71\" data-element_type=\"column\" data-e-type=\"column\">\n\t\t\t<div class=\"elementor-widget-wrap elementor-element-populated\">\n\t\t\t\t\t\t<div class=\"elementor-element elementor-element-f5a3a41 elementor-widget elementor-widget-text-editor\" data-id=\"f5a3a41\" data-element_type=\"widget\" data-e-type=\"widget\" data-widget_type=\"text-editor.default\">\n\t\t\t\t<div class=\"elementor-widget-container\">\n\t\t\t\t\t\t\t\t\t<p><strong>EFFECTIVE ENERGY: UN MARCO INTEGRAL<\/strong><\/p><p>A partir del \u00e9xito de \u201cCompass\u201d y de \u201cEssential Nitrogen\u201d, estamos introduciendo la tercera fase: \u201cEffective Energy\u201d. Esta fase integra ambos, combinando datos de ensayos experimentales, datos de centros comerciales y datos de formulaci\u00f3n. Al aprovechar el conocimiento colectivo de Cargill y aprender de su conocimiento y experiencia en diferentes especies, podemos refinar nuestro enfoque, asegurando una precisi\u00f3n y eficiencia a\u00fan mayores en nuestras formulaciones. El resultado es un modelo nutricional s\u00f3lido capaz de generar planes nutricionales personalizados para pr\u00e1cticamente todos los sitios y condiciones de cultivo.<\/p>\t\t\t\t\t\t\t\t<\/div>\n\t\t\t\t<\/div>\n\t\t\t\t\t<\/div>\n\t\t<\/div>\n\t\t\t\t<div class=\"elementor-column elementor-col-50 elementor-inner-column elementor-element elementor-element-cac75b6\" data-id=\"cac75b6\" data-element_type=\"column\" data-e-type=\"column\">\n\t\t\t<div class=\"elementor-widget-wrap elementor-element-populated\">\n\t\t\t\t\t\t<div class=\"elementor-element elementor-element-e73caa4 elementor-widget elementor-widget-image\" data-id=\"e73caa4\" data-element_type=\"widget\" data-e-type=\"widget\" data-widget_type=\"image.default\">\n\t\t\t\t<div class=\"elementor-widget-container\">\n\t\t\t\t\t\t\t\t\t\t\t\t\t\t\t<img fetchpriority=\"high\" decoding=\"async\" width=\"1024\" height=\"767\" src=\"https:\/\/www.ewos.com\/cl\/wp-content\/uploads\/2025\/08\/Grafica01-1024x767.jpg\" class=\"attachment-large size-large wp-image-2226\" alt=\"\" srcset=\"https:\/\/www.ewos.com\/cl\/wp-content\/uploads\/2025\/08\/Grafica01-1024x767.jpg 1024w, https:\/\/www.ewos.com\/cl\/wp-content\/uploads\/2025\/08\/Grafica01-300x225.jpg 300w, https:\/\/www.ewos.com\/cl\/wp-content\/uploads\/2025\/08\/Grafica01-768x576.jpg 768w, https:\/\/www.ewos.com\/cl\/wp-content\/uploads\/2025\/08\/Grafica01-1536x1151.jpg 1536w, https:\/\/www.ewos.com\/cl\/wp-content\/uploads\/2025\/08\/Grafica01-600x450.jpg 600w, https:\/\/www.ewos.com\/cl\/wp-content\/uploads\/2025\/08\/Grafica01.jpg 1980w\" sizes=\"(max-width: 1024px) 100vw, 1024px\" \/>\t\t\t\t\t\t\t\t\t\t\t\t\t\t\t<\/div>\n\t\t\t\t<\/div>\n\t\t\t\t\t<\/div>\n\t\t<\/div>\n\t\t\t\t\t<\/div>\n\t\t<\/section>\n\t\t\t\t\t<\/div>\n\t\t<\/div>\n\t\t\t\t\t<\/div>\n\t\t<\/section>\n\t\t\t\t<section class=\"elementor-section elementor-top-section elementor-element elementor-element-7b5fa67 elementor-section-boxed elementor-section-height-default elementor-section-height-default\" data-id=\"7b5fa67\" data-element_type=\"section\" data-e-type=\"section\" data-settings=\"{&quot;jet_parallax_layout_list&quot;:[]}\">\n\t\t\t\t\t\t<div class=\"elementor-container elementor-column-gap-default\">\n\t\t\t\t\t<div class=\"elementor-column elementor-col-100 elementor-top-column elementor-element elementor-element-123ad5b\" data-id=\"123ad5b\" data-element_type=\"column\" data-e-type=\"column\">\n\t\t\t<div class=\"elementor-widget-wrap elementor-element-populated\">\n\t\t\t\t\t\t<div class=\"elementor-element elementor-element-57fb872 elementor-widget elementor-widget-text-editor\" data-id=\"57fb872\" data-element_type=\"widget\" data-e-type=\"widget\" data-widget_type=\"text-editor.default\">\n\t\t\t\t<div class=\"elementor-widget-container\">\n\t\t\t\t\t\t\t\t\t<p>A partir del \u00e9xito de \u00abCompass\u00bb y de \u00abEssential Nitrogen\u00bb, estamos introduciendo la tercera fase: \u00abEffective Energy\u00bb. Esta fase integra ambos, combinando datos de ensayos experimentales, datos de centros comerciales y datos de formulaci\u00f3n. Al aprovechar el conocimiento colectivo de Cargill y aprender de su conocimiento y experiencia en diferentes especies, podemos refinar nuestro enfoque, asegurando una precisi\u00f3n y eficiencia a\u00fan mayores en nuestras formulaciones. El resultado es un modelo nutricional s\u00f3lido capaz de generar planes nutricionales personalizados para pr\u00e1cticamente todos los sitios y condiciones de cultivo.<\/p><p>\u00abEffective Energy\u00bb, comenz\u00f3 con los conocimientos adquiridos a partir de los ensayos experimentales en estanques realizados en la fase de \u00abEssential Nitrogen\u00bb. Estos ensayos proporcionaron la comprensi\u00f3n de los fundamentos de la fisiolog\u00eda nutricional y c\u00f3mo los peces utilizan los nuevos nutrientes (es decir, el nitr\u00f3geno esencial). \u00abEffective Energy\u00bb incorpora las variables de las condiciones de cultivo comercial, datos de centros productivos del mundo real, lo que nos permite ajustar nuestro modelo de fisiolog\u00eda nutricional para adaptarlo a ubicaciones espec\u00edficas de los centros de cultivo, diferentes \u00e9pocas de siembra, etapas de vida y consideraciones econ\u00f3micas, como los precios de las materias primas. Adem\u00e1s, nuestra herramienta de planificaci\u00f3n \u00abScenario bluViu\u2122\u00bb, nos permite simular escenarios de cultivo y personalizar los planes nutricionales para lograr una mayor eficiencia y sostenibilidad. Con esto, queremos dar un soporte de confianza de nuestros clientes, y este sistema nos ayuda a elevar nuestro apoyo al siguiente nivel.<\/p><p>Este enfoque hol\u00edstico significa que nuestros clientes se beneficiar\u00e1n de planes nutricionales adaptados a sus condiciones \u00fanicas. Ya sea la ubicaci\u00f3n geogr\u00e1fica de un centro, el tama\u00f1o espec\u00edfico de los peces o el contexto econ\u00f3mico, <strong>nuestra soluci\u00f3n se ajusta para ofrecer resultados de rendimiento de acuerdo con las necesidades espec\u00edficas<\/strong>. Este nivel de personalizaci\u00f3n garantiza que nuestros alimentos no solo respalden el crecimiento y la salud de los peces, sino que tambi\u00e9n sean capaces de mejorar la sostenibilidad y la rentabilidad generales de las operaciones de cultivo de salm\u00f3n.<\/p>\t\t\t\t\t\t\t\t<\/div>\n\t\t\t\t<\/div>\n\t\t\t\t<section class=\"elementor-section elementor-inner-section elementor-element elementor-element-9849306 elementor-section-boxed elementor-section-height-default elementor-section-height-default\" data-id=\"9849306\" data-element_type=\"section\" data-e-type=\"section\" data-settings=\"{&quot;jet_parallax_layout_list&quot;:[]}\">\n\t\t\t\t\t\t<div class=\"elementor-container elementor-column-gap-default\">\n\t\t\t\t\t<div class=\"elementor-column elementor-col-50 elementor-inner-column elementor-element elementor-element-0c6332d\" data-id=\"0c6332d\" data-element_type=\"column\" data-e-type=\"column\">\n\t\t\t<div class=\"elementor-widget-wrap elementor-element-populated\">\n\t\t\t\t\t\t<div class=\"elementor-element elementor-element-e661d91 elementor-widget elementor-widget-image\" data-id=\"e661d91\" data-element_type=\"widget\" data-e-type=\"widget\" data-widget_type=\"image.default\">\n\t\t\t\t<div class=\"elementor-widget-container\">\n\t\t\t\t\t\t\t\t\t\t\t\t\t\t\t<img decoding=\"async\" width=\"1024\" height=\"562\" src=\"https:\/\/www.ewos.com\/cl\/wp-content\/uploads\/2025\/08\/Alimento-web-1024x562.png\" class=\"attachment-large size-large wp-image-2222\" alt=\"\" srcset=\"https:\/\/www.ewos.com\/cl\/wp-content\/uploads\/2025\/08\/Alimento-web-1024x562.png 1024w, https:\/\/www.ewos.com\/cl\/wp-content\/uploads\/2025\/08\/Alimento-web-300x165.png 300w, https:\/\/www.ewos.com\/cl\/wp-content\/uploads\/2025\/08\/Alimento-web-768x422.png 768w, https:\/\/www.ewos.com\/cl\/wp-content\/uploads\/2025\/08\/Alimento-web-1536x843.png 1536w, https:\/\/www.ewos.com\/cl\/wp-content\/uploads\/2025\/08\/Alimento-web-2048x1124.png 2048w, https:\/\/www.ewos.com\/cl\/wp-content\/uploads\/2025\/08\/Alimento-web-600x329.png 600w\" sizes=\"(max-width: 1024px) 100vw, 1024px\" \/>\t\t\t\t\t\t\t\t\t\t\t\t\t\t\t<\/div>\n\t\t\t\t<\/div>\n\t\t\t\t\t<\/div>\n\t\t<\/div>\n\t\t\t\t<div class=\"elementor-column elementor-col-50 elementor-inner-column elementor-element elementor-element-e52d647\" data-id=\"e52d647\" data-element_type=\"column\" data-e-type=\"column\">\n\t\t\t<div class=\"elementor-widget-wrap elementor-element-populated\">\n\t\t\t\t\t\t<div class=\"elementor-element elementor-element-89c0933 elementor-widget elementor-widget-text-editor\" data-id=\"89c0933\" data-element_type=\"widget\" data-e-type=\"widget\" data-widget_type=\"text-editor.default\">\n\t\t\t\t<div class=\"elementor-widget-container\">\n\t\t\t\t\t\t\t\t\t<p><strong>DEL CONCEPTO A LAS PRUEBAS COMERCIALES: C\u00d3MO GARANTIZAR LA APLICACI\u00d3N PR\u00c1CTICA<\/strong><\/p><p>Este concepto est\u00e1 ampliamente validado, dejamos atr\u00e1s la etapa de pruebas controladas y trabajamos con pruebas reales en el mar en centros de producci\u00f3n comercial, implementando Effective Energy en el mercado, lo que garantiza que nuestras innovaciones sean pr\u00e1cticas y efectivas en condiciones reales.<\/p>\t\t\t\t\t\t\t\t<\/div>\n\t\t\t\t<\/div>\n\t\t\t\t\t<\/div>\n\t\t<\/div>\n\t\t\t\t\t<\/div>\n\t\t<\/section>\n\t\t\t\t<div class=\"elementor-element elementor-element-7669a0a elementor-widget elementor-widget-text-editor\" data-id=\"7669a0a\" data-element_type=\"widget\" data-e-type=\"widget\" data-widget_type=\"text-editor.default\">\n\t\t\t\t<div class=\"elementor-widget-container\">\n\t\t\t\t\t\t\t\t\t<p><strong>FORMULACI\u00d3N DE ALIMENTOS DE PRECISI\u00d3N A TRAV\u00c9S DE UN MARCO INTEGRAL<\/strong><\/p><p>Este es un viaje importante para la industria del salm\u00f3n, que nos permite dise\u00f1ar y ofrecer dietas con una nutrici\u00f3n avanzada y precisa, con alimentos que entregan un valor real. Al respaldar una mayor utilizaci\u00f3n del nitr\u00f3geno e incluirlo en un marco integral, ofrecemos una capacidad que nos permite mejorar la eficiencia de los nutrientes, el rendimiento, la rentabilidad y la sostenibilidad en funci\u00f3n de los objetivos del cliente. Nuestra cartera de productos, cuando se utiliza en conjunto, tiene el potencial de impulsar la producci\u00f3n de prote\u00ednas de manera sostenible y rentable para nuestros clientes y la creciente poblaci\u00f3n.<\/p>\t\t\t\t\t\t\t\t<\/div>\n\t\t\t\t<\/div>\n\t\t\t\t<div class=\"elementor-element elementor-element-dbf692b elementor-widget elementor-widget-image\" data-id=\"dbf692b\" data-element_type=\"widget\" data-e-type=\"widget\" data-widget_type=\"image.default\">\n\t\t\t\t<div class=\"elementor-widget-container\">\n\t\t\t\t\t\t\t\t\t\t\t\t\t\t\t<img decoding=\"async\" width=\"1024\" height=\"576\" src=\"https:\/\/www.ewos.com\/cl\/wp-content\/uploads\/2025\/08\/EE-ENG-1024x576.jpg\" class=\"attachment-large size-large wp-image-2220\" alt=\"\" srcset=\"https:\/\/www.ewos.com\/cl\/wp-content\/uploads\/2025\/08\/EE-ENG-1024x576.jpg 1024w, https:\/\/www.ewos.com\/cl\/wp-content\/uploads\/2025\/08\/EE-ENG-300x169.jpg 300w, https:\/\/www.ewos.com\/cl\/wp-content\/uploads\/2025\/08\/EE-ENG-768x432.jpg 768w, https:\/\/www.ewos.com\/cl\/wp-content\/uploads\/2025\/08\/EE-ENG-1536x864.jpg 1536w, https:\/\/www.ewos.com\/cl\/wp-content\/uploads\/2025\/08\/EE-ENG-150x85.jpg 150w, https:\/\/www.ewos.com\/cl\/wp-content\/uploads\/2025\/08\/EE-ENG-600x338.jpg 600w, https:\/\/www.ewos.com\/cl\/wp-content\/uploads\/2025\/08\/EE-ENG.jpg 1920w\" sizes=\"(max-width: 1024px) 100vw, 1024px\" \/>\t\t\t\t\t\t\t\t\t\t\t\t\t\t\t<\/div>\n\t\t\t\t<\/div>\n\t\t\t\t\t<\/div>\n\t\t<\/div>\n\t\t\t\t\t<\/div>\n\t\t<\/section>\n\t\t\t\t<\/div>\n\t\t","protected":false},"excerpt":{"rendered":"<p>SUM\u00c9RGETE EN UN NUEVO MUNDO: NUTRICI\u00d3N DE PRECISI\u00d3N PARA EL CULTIVO DEL SALM\u00d3N La poblaci\u00f3n mundial est\u00e1 aumentando r\u00e1pidamente y se espera que para 2050 se a\u00f1adan 2000 millones de personas m\u00e1s. Satisfacer las necesidades nutricionales de esta creciente poblaci\u00f3n requerir\u00e1 una amplia gama de fuentes de prote\u00ednas. Los productos del mar, son un componente [&hellip;]<\/p>\n","protected":false},"author":7,"featured_media":0,"parent":0,"menu_order":0,"comment_status":"closed","ping_status":"closed","template":"","meta":{"footnotes":""},"class_list":["post-2224","page","type-page","status-publish","hentry"],"yoast_head":"<!-- This site is optimized with the Yoast SEO plugin v27.4 - https:\/\/yoast.com\/product\/yoast-seo-wordpress\/ -->\n<title>Effective Energy - EWOS - Chile<\/title>\n<meta name=\"robots\" content=\"index, follow, max-snippet:-1, max-image-preview:large, max-video-preview:-1\" \/>\n<link rel=\"canonical\" href=\"https:\/\/www.ewos.com\/cl\/effective-energy\/\" \/>\n<meta property=\"og:locale\" content=\"en_US\" \/>\n<meta property=\"og:type\" content=\"article\" \/>\n<meta property=\"og:title\" content=\"Effective Energy - EWOS - Chile\" \/>\n<meta property=\"og:description\" content=\"SUM\u00c9RGETE EN UN NUEVO MUNDO: NUTRICI\u00d3N DE PRECISI\u00d3N PARA EL CULTIVO DEL SALM\u00d3N La poblaci\u00f3n mundial est\u00e1 aumentando r\u00e1pidamente y se espera que para 2050 se a\u00f1adan 2000 millones de personas m\u00e1s. Satisfacer las necesidades nutricionales de esta creciente poblaci\u00f3n requerir\u00e1 una amplia gama de fuentes de prote\u00ednas. Los productos del mar, son un componente [&hellip;]\" \/>\n<meta property=\"og:url\" content=\"https:\/\/www.ewos.com\/cl\/effective-energy\/\" \/>\n<meta property=\"og:site_name\" content=\"EWOS - Chile\" \/>\n<meta property=\"article:modified_time\" content=\"2025-08-25T20:22:00+00:00\" \/>\n<meta property=\"og:image\" content=\"https:\/\/www.ewos.com\/cl\/wp-content\/uploads\/2025\/08\/Grafica01-1024x767.jpg\" \/>\n\t<meta property=\"og:image:width\" content=\"1024\" \/>\n\t<meta property=\"og:image:height\" content=\"767\" \/>\n\t<meta property=\"og:image:type\" content=\"image\/jpeg\" \/>\n<meta name=\"twitter:card\" content=\"summary_large_image\" \/>\n<meta name=\"twitter:label1\" content=\"Est. reading time\" \/>\n\t<meta name=\"twitter:data1\" content=\"4 minutes\" \/>\n<script type=\"application\/ld+json\" class=\"yoast-schema-graph\">{\"@context\":\"https:\\\/\\\/schema.org\",\"@graph\":[{\"@type\":\"WebPage\",\"@id\":\"https:\\\/\\\/www.ewos.com\\\/cl\\\/effective-energy\\\/\",\"url\":\"https:\\\/\\\/www.ewos.com\\\/cl\\\/effective-energy\\\/\",\"name\":\"Effective Energy - EWOS - Chile\",\"isPartOf\":{\"@id\":\"https:\\\/\\\/www.ewos.com\\\/cl\\\/#website\"},\"primaryImageOfPage\":{\"@id\":\"https:\\\/\\\/www.ewos.com\\\/cl\\\/effective-energy\\\/#primaryimage\"},\"image\":{\"@id\":\"https:\\\/\\\/www.ewos.com\\\/cl\\\/effective-energy\\\/#primaryimage\"},\"thumbnailUrl\":\"https:\\\/\\\/www.ewos.com\\\/cl\\\/wp-content\\\/uploads\\\/2025\\\/08\\\/Grafica01-1024x767.jpg\",\"datePublished\":\"2025-08-25T19:30:29+00:00\",\"dateModified\":\"2025-08-25T20:22:00+00:00\",\"breadcrumb\":{\"@id\":\"https:\\\/\\\/www.ewos.com\\\/cl\\\/effective-energy\\\/#breadcrumb\"},\"inLanguage\":\"en\",\"potentialAction\":[{\"@type\":\"ReadAction\",\"target\":[\"https:\\\/\\\/www.ewos.com\\\/cl\\\/effective-energy\\\/\"]}]},{\"@type\":\"ImageObject\",\"inLanguage\":\"en\",\"@id\":\"https:\\\/\\\/www.ewos.com\\\/cl\\\/effective-energy\\\/#primaryimage\",\"url\":\"https:\\\/\\\/www.ewos.com\\\/cl\\\/wp-content\\\/uploads\\\/2025\\\/08\\\/Grafica01.jpg\",\"contentUrl\":\"https:\\\/\\\/www.ewos.com\\\/cl\\\/wp-content\\\/uploads\\\/2025\\\/08\\\/Grafica01.jpg\",\"width\":1980,\"height\":1484},{\"@type\":\"BreadcrumbList\",\"@id\":\"https:\\\/\\\/www.ewos.com\\\/cl\\\/effective-energy\\\/#breadcrumb\",\"itemListElement\":[{\"@type\":\"ListItem\",\"position\":1,\"name\":\"Home\",\"item\":\"https:\\\/\\\/www.ewos.com\\\/cl\\\/\"},{\"@type\":\"ListItem\",\"position\":2,\"name\":\"Effective Energy\"}]},{\"@type\":\"WebSite\",\"@id\":\"https:\\\/\\\/www.ewos.com\\\/cl\\\/#website\",\"url\":\"https:\\\/\\\/www.ewos.com\\\/cl\\\/\",\"name\":\"EWOS - Chile\",\"description\":\"\",\"potentialAction\":[{\"@type\":\"SearchAction\",\"target\":{\"@type\":\"EntryPoint\",\"urlTemplate\":\"https:\\\/\\\/www.ewos.com\\\/cl\\\/?s={search_term_string}\"},\"query-input\":{\"@type\":\"PropertyValueSpecification\",\"valueRequired\":true,\"valueName\":\"search_term_string\"}}],\"inLanguage\":\"en\"}]}<\/script>\n<!-- \/ Yoast SEO plugin. -->","yoast_head_json":{"title":"Effective Energy - EWOS - Chile","robots":{"index":"index","follow":"follow","max-snippet":"max-snippet:-1","max-image-preview":"max-image-preview:large","max-video-preview":"max-video-preview:-1"},"canonical":"https:\/\/www.ewos.com\/cl\/effective-energy\/","og_locale":"en_US","og_type":"article","og_title":"Effective Energy - EWOS - Chile","og_description":"SUM\u00c9RGETE EN UN NUEVO MUNDO: NUTRICI\u00d3N DE PRECISI\u00d3N PARA EL CULTIVO DEL SALM\u00d3N La poblaci\u00f3n mundial est\u00e1 aumentando r\u00e1pidamente y se espera que para 2050 se a\u00f1adan 2000 millones de personas m\u00e1s. Satisfacer las necesidades nutricionales de esta creciente poblaci\u00f3n requerir\u00e1 una amplia gama de fuentes de prote\u00ednas. Los productos del mar, son un componente [&hellip;]","og_url":"https:\/\/www.ewos.com\/cl\/effective-energy\/","og_site_name":"EWOS - Chile","article_modified_time":"2025-08-25T20:22:00+00:00","og_image":[{"width":1024,"height":767,"url":"https:\/\/www.ewos.com\/cl\/wp-content\/uploads\/2025\/08\/Grafica01-1024x767.jpg","type":"image\/jpeg"}],"twitter_card":"summary_large_image","twitter_misc":{"Est. reading time":"4 minutes"},"schema":{"@context":"https:\/\/schema.org","@graph":[{"@type":"WebPage","@id":"https:\/\/www.ewos.com\/cl\/effective-energy\/","url":"https:\/\/www.ewos.com\/cl\/effective-energy\/","name":"Effective Energy - EWOS - Chile","isPartOf":{"@id":"https:\/\/www.ewos.com\/cl\/#website"},"primaryImageOfPage":{"@id":"https:\/\/www.ewos.com\/cl\/effective-energy\/#primaryimage"},"image":{"@id":"https:\/\/www.ewos.com\/cl\/effective-energy\/#primaryimage"},"thumbnailUrl":"https:\/\/www.ewos.com\/cl\/wp-content\/uploads\/2025\/08\/Grafica01-1024x767.jpg","datePublished":"2025-08-25T19:30:29+00:00","dateModified":"2025-08-25T20:22:00+00:00","breadcrumb":{"@id":"https:\/\/www.ewos.com\/cl\/effective-energy\/#breadcrumb"},"inLanguage":"en","potentialAction":[{"@type":"ReadAction","target":["https:\/\/www.ewos.com\/cl\/effective-energy\/"]}]},{"@type":"ImageObject","inLanguage":"en","@id":"https:\/\/www.ewos.com\/cl\/effective-energy\/#primaryimage","url":"https:\/\/www.ewos.com\/cl\/wp-content\/uploads\/2025\/08\/Grafica01.jpg","contentUrl":"https:\/\/www.ewos.com\/cl\/wp-content\/uploads\/2025\/08\/Grafica01.jpg","width":1980,"height":1484},{"@type":"BreadcrumbList","@id":"https:\/\/www.ewos.com\/cl\/effective-energy\/#breadcrumb","itemListElement":[{"@type":"ListItem","position":1,"name":"Home","item":"https:\/\/www.ewos.com\/cl\/"},{"@type":"ListItem","position":2,"name":"Effective Energy"}]},{"@type":"WebSite","@id":"https:\/\/www.ewos.com\/cl\/#website","url":"https:\/\/www.ewos.com\/cl\/","name":"EWOS - Chile","description":"","potentialAction":[{"@type":"SearchAction","target":{"@type":"EntryPoint","urlTemplate":"https:\/\/www.ewos.com\/cl\/?s={search_term_string}"},"query-input":{"@type":"PropertyValueSpecification","valueRequired":true,"valueName":"search_term_string"}}],"inLanguage":"en"}]}},"_links":{"self":[{"href":"https:\/\/www.ewos.com\/cl\/wp-json\/wp\/v2\/pages\/2224","targetHints":{"allow":["GET"]}}],"collection":[{"href":"https:\/\/www.ewos.com\/cl\/wp-json\/wp\/v2\/pages"}],"about":[{"href":"https:\/\/www.ewos.com\/cl\/wp-json\/wp\/v2\/types\/page"}],"author":[{"embeddable":true,"href":"https:\/\/www.ewos.com\/cl\/wp-json\/wp\/v2\/users\/7"}],"replies":[{"embeddable":true,"href":"https:\/\/www.ewos.com\/cl\/wp-json\/wp\/v2\/comments?post=2224"}],"version-history":[{"count":8,"href":"https:\/\/www.ewos.com\/cl\/wp-json\/wp\/v2\/pages\/2224\/revisions"}],"predecessor-version":[{"id":2233,"href":"https:\/\/www.ewos.com\/cl\/wp-json\/wp\/v2\/pages\/2224\/revisions\/2233"}],"wp:attachment":[{"href":"https:\/\/www.ewos.com\/cl\/wp-json\/wp\/v2\/media?parent=2224"}],"curies":[{"name":"wp","href":"https:\/\/api.w.org\/{rel}","templated":true}]}}