{"id":2129,"date":"2024-11-07T12:36:15","date_gmt":"2024-11-07T12:36:15","guid":{"rendered":"https:\/\/www.ewos.com\/cl\/?page_id=2129"},"modified":"2026-03-20T17:32:44","modified_gmt":"2026-03-20T17:32:44","slug":"nosotros","status":"publish","type":"page","link":"https:\/\/www.ewos.com\/cl\/nosotros\/","title":{"rendered":"Nosotros"},"content":{"rendered":"\t\t<div data-elementor-type=\"wp-page\" data-elementor-id=\"2129\" class=\"elementor elementor-2129\" data-elementor-post-type=\"page\">\n\t\t\t\t\t\t<section class=\"elementor-section elementor-top-section elementor-element elementor-element-784b1eb2 elementor-section-boxed elementor-section-height-default elementor-section-height-default\" data-id=\"784b1eb2\" data-element_type=\"section\" data-e-type=\"section\" data-settings=\"{&quot;jet_parallax_layout_list&quot;:[]}\">\n\t\t\t\t\t\t<div class=\"elementor-container elementor-column-gap-default\">\n\t\t\t\t\t<div class=\"elementor-column elementor-col-100 elementor-top-column elementor-element elementor-element-69a6f193\" data-id=\"69a6f193\" data-element_type=\"column\" data-e-type=\"column\">\n\t\t\t<div class=\"elementor-widget-wrap elementor-element-populated\">\n\t\t\t\t\t\t<div class=\"elementor-element elementor-element-1003648a elementor-widget elementor-widget-text-editor\" data-id=\"1003648a\" data-element_type=\"widget\" data-e-type=\"widget\" data-widget_type=\"text-editor.default\">\n\t\t\t\t<div class=\"elementor-widget-container\">\n\t\t\t\t\t\t\t\t\t<p>Somos Cargill Aqua Nutrition, uno de los principales productores de alimento para la acuicultura a nivel mundial, con presencia en Asia, Europa y Am\u00e9rica y con <strong>m\u00e1s de 100 a\u00f1os de experiencia<\/strong>. Ofrecemos soluciones nutricionales a trav\u00e9s de una gran variedad de dietas, adecuadas especialmente a las necesidades de cada especie, de cada lugar, y de cada ciclo de cultivo. Comercializamos nuestros productos a trav\u00e9s de la marca EWOS, los que se distribuyen desde la regi\u00f3n de La Araucan\u00eda hasta la regi\u00f3n de Magallanes.<\/p>\n<p><!-- \/wp:paragraph --><!-- wp:paragraph --><\/p>\n<p>Nuestra Planta Industrial en Chile, est\u00e1 situada en la comuna de <strong>Coronel, regi\u00f3n del Bio b\u00edo<\/strong>. Cuenta con siete l\u00edneas de producci\u00f3n en un mismo lugar, lo que la convierte en la m\u00e1s grande del mundo en su tipo. Emplazada en el radio de tres de los polos portuarios m\u00e1s importantes de Sudam\u00e9rica, recibe el flujo de las mejores materias primas provenientes de distintos continentes.<\/p>\n<p><!-- \/wp:paragraph --><!-- wp:image {\"id\":2130,\"sizeSlug\":\"large\",\"linkDestination\":\"none\"} --><\/p>\n<figure><img decoding=\"async\" src=\"https:\/\/www.ewos.com\/cl\/wp-content\/uploads\/2024\/11\/Planta-Coronel-1024x427.png\" alt=\"\" \/><\/figure>\n<p><!-- \/wp:image --><!-- wp:paragraph --><\/p>\n<p>Nuestro <strong>Centro Comercial se ubica en la ciudad de Puerto Montt<\/strong>, ubicaci\u00f3n estrat\u00e9gica que nos permite estar donde se concentra gran parte de la industria salmonera nacional, favoreciendo la cercan\u00eda con nuestros clientes y con las comunidades acu\u00edcolas.<\/p>\n<p><!-- \/wp:paragraph --><!-- wp:image {\"id\":2131,\"sizeSlug\":\"large\",\"linkDestination\":\"none\"} --><\/p>\n<figure><img decoding=\"async\" src=\"https:\/\/www.ewos.com\/cl\/wp-content\/uploads\/2024\/11\/Oficina-Puerto-Montt-1024x478.png\" alt=\"\" \/><\/figure>\n<p><!-- \/wp:image --><!-- wp:paragraph --><\/p>\n<p>Poseemos una gran <strong>cadena log\u00edstica<\/strong>, que cuenta con sistemas de distribuci\u00f3n integral, asegurando la trazabilidad de nuestros productos en perfectas condiciones de calidad y con \u00f3ptimos tiempos de entrega desde su origen hasta los m\u00e1s lejanos mares del sur austral.<\/p>\n<p><!-- \/wp:paragraph --><!-- wp:image {\"id\":2132,\"sizeSlug\":\"large\",\"linkDestination\":\"none\"} --><\/p>\n<figure><img decoding=\"async\" src=\"https:\/\/www.ewos.com\/cl\/wp-content\/uploads\/2024\/11\/DSC0113-1024x526.jpg\" alt=\"\" \/><\/figure>\n<p><!-- \/wp:image --><!-- wp:paragraph --><\/p>\n<p>El CIC, Cargill Innovation Center, es uno de los tres centros de innovaci\u00f3n en I+D actuales de nuestro negocio Aqua Nutrition y uno de los centros de innovaci\u00f3n en investigaci\u00f3n m\u00e1s avanzados del mundo. Fue construido en 2008 y se ha dedicado a la investigaci\u00f3n de la salud de peces desde su apertura.<\/p>\n<p><!-- \/wp:paragraph --><!-- wp:image {\"id\":2133,\"sizeSlug\":\"large\",\"linkDestination\":\"none\"} --><\/p>\n<figure><img decoding=\"async\" src=\"https:\/\/www.ewos.com\/cl\/wp-content\/uploads\/2024\/11\/colaco-1024x597.jpg\" alt=\"\" \/><\/figure>\n<p><!-- \/wp:image --><!-- wp:heading --><\/p>\n<h2>Pol\u00edticas Cargill Chile<\/h2>\n<ul>\n<li><a href=\"https:\/\/www.ewos.com\/cl\/wp-content\/uploads\/2026\/03\/Codigo-de-Conducta-Proveedores.pdf\">Codigo de Conducta Proveedores<\/a><\/li>\n<li><a href=\"https:\/\/www.ewos.com\/cl\/wp-content\/uploads\/2026\/03\/ASC-Reporte-Materias-Primas-2024.pdf\">ASC Reporte Materias Primas 2024<\/a><\/li>\n<li><a href=\"https:\/\/www.ewos.com\/cl\/wp-content\/uploads\/2026\/03\/ASC-Reporte-Materias-Primas-2025.pdf\">ASC Reporte Materias Primas 2025<\/a><\/li>\n<li><a href=\"https:\/\/www.ewos.com\/cl\/wp-content\/uploads\/2026\/03\/Compromiso-Ingredientes-Vegetales.pdf\">Compromiso Ingredientes Vegetales<\/a>\u00a0<\/li>\n<li><a href=\"https:\/\/www.ewos.com\/cl\/wp-content\/uploads\/2026\/03\/Plan-de-Accion-Publico-Ingredientes-Vegetales-2025.pdf\">Plan de Accion Publico Ingredientes Vegetales 2025<\/a><\/li>\n<li><a href=\"https:\/\/www.ewos.com\/cl\/wp-content\/uploads\/2026\/03\/GHG-Emissions-Report-v1.1-2025.pdf\">GHG Emissions Report 2025<\/a><\/li>\n<\/ul>\n<p><!-- \/wp:file --><\/p>\t\t\t\t\t\t\t\t<\/div>\n\t\t\t\t<\/div>\n\t\t\t\t\t<\/div>\n\t\t<\/div>\n\t\t\t\t\t<\/div>\n\t\t<\/section>\n\t\t\t\t<section class=\"elementor-section elementor-top-section elementor-element elementor-element-150f75d elementor-section-boxed elementor-section-height-default elementor-section-height-default\" data-id=\"150f75d\" data-element_type=\"section\" data-e-type=\"section\" data-settings=\"{&quot;jet_parallax_layout_list&quot;:[]}\">\n\t\t\t\t\t\t<div class=\"elementor-container elementor-column-gap-default\">\n\t\t\t\t\t<div class=\"elementor-column elementor-col-100 elementor-top-column elementor-element elementor-element-94d3f48\" data-id=\"94d3f48\" data-element_type=\"column\" data-e-type=\"column\">\n\t\t\t<div class=\"elementor-widget-wrap elementor-element-populated\">\n\t\t\t\t\t\t<section class=\"elementor-section elementor-inner-section elementor-element elementor-element-f1d1fab elementor-section-boxed elementor-section-height-default elementor-section-height-default\" data-id=\"f1d1fab\" data-element_type=\"section\" data-e-type=\"section\" data-settings=\"{&quot;jet_parallax_layout_list&quot;:[]}\">\n\t\t\t\t\t\t<div class=\"elementor-container elementor-column-gap-default\">\n\t\t\t\t\t<div class=\"elementor-column elementor-col-50 elementor-inner-column elementor-element elementor-element-fe636a6\" data-id=\"fe636a6\" data-element_type=\"column\" data-e-type=\"column\">\n\t\t\t<div class=\"elementor-widget-wrap\">\n\t\t\t\t\t\t\t<\/div>\n\t\t<\/div>\n\t\t\t\t<div class=\"elementor-column elementor-col-50 elementor-inner-column elementor-element elementor-element-62e863e\" data-id=\"62e863e\" data-element_type=\"column\" data-e-type=\"column\">\n\t\t\t<div class=\"elementor-widget-wrap\">\n\t\t\t\t\t\t\t<\/div>\n\t\t<\/div>\n\t\t\t\t\t<\/div>\n\t\t<\/section>\n\t\t\t\t\t<\/div>\n\t\t<\/div>\n\t\t\t\t\t<\/div>\n\t\t<\/section>\n\t\t\t\t<\/div>\n\t\t","protected":false},"excerpt":{"rendered":"<p>Somos Cargill Aqua Nutrition, uno de los principales productores de alimento para la acuicultura a nivel mundial, con presencia en Asia, Europa y Am\u00e9rica y con m\u00e1s de 100 a\u00f1os de experiencia. Ofrecemos soluciones nutricionales a trav\u00e9s de una gran variedad de dietas, adecuadas especialmente a las necesidades de cada especie, de cada lugar, y [&hellip;]<\/p>\n","protected":false},"author":7,"featured_media":0,"parent":0,"menu_order":3,"comment_status":"closed","ping_status":"closed","template":"","meta":{"footnotes":""},"class_list":["post-2129","page","type-page","status-publish","hentry"],"yoast_head":"<!-- This site is optimized with the Yoast SEO plugin v27.4 - https:\/\/yoast.com\/product\/yoast-seo-wordpress\/ -->\n<title>Nosotros - EWOS - Chile<\/title>\n<meta name=\"robots\" content=\"index, follow, max-snippet:-1, max-image-preview:large, max-video-preview:-1\" \/>\n<link rel=\"canonical\" href=\"https:\/\/www.ewos.com\/cl\/nosotros\/\" \/>\n<meta property=\"og:locale\" content=\"en_US\" \/>\n<meta property=\"og:type\" content=\"article\" \/>\n<meta property=\"og:title\" content=\"Nosotros - EWOS - Chile\" \/>\n<meta property=\"og:description\" content=\"Somos Cargill Aqua Nutrition, uno de los principales productores de alimento para la acuicultura a nivel mundial, con presencia en Asia, Europa y Am\u00e9rica y con m\u00e1s de 100 a\u00f1os de experiencia. Ofrecemos soluciones nutricionales a trav\u00e9s de una gran variedad de dietas, adecuadas especialmente a las necesidades de cada especie, de cada lugar, y [&hellip;]\" \/>\n<meta property=\"og:url\" content=\"https:\/\/www.ewos.com\/cl\/nosotros\/\" \/>\n<meta property=\"og:site_name\" content=\"EWOS - Chile\" \/>\n<meta property=\"article:modified_time\" content=\"2026-03-20T17:32:44+00:00\" \/>\n<meta property=\"og:image\" content=\"https:\/\/www.ewos.com\/cl\/wp-content\/uploads\/2024\/11\/Planta-Coronel-1024x427.png\" \/>\n<meta name=\"twitter:card\" content=\"summary_large_image\" \/>\n<meta name=\"twitter:label1\" content=\"Est. reading time\" \/>\n\t<meta name=\"twitter:data1\" content=\"3 minutes\" \/>\n<script type=\"application\/ld+json\" class=\"yoast-schema-graph\">{\"@context\":\"https:\\\/\\\/schema.org\",\"@graph\":[{\"@type\":\"WebPage\",\"@id\":\"https:\\\/\\\/www.ewos.com\\\/cl\\\/nosotros\\\/\",\"url\":\"https:\\\/\\\/www.ewos.com\\\/cl\\\/nosotros\\\/\",\"name\":\"Nosotros - EWOS - Chile\",\"isPartOf\":{\"@id\":\"https:\\\/\\\/www.ewos.com\\\/cl\\\/#website\"},\"primaryImageOfPage\":{\"@id\":\"https:\\\/\\\/www.ewos.com\\\/cl\\\/nosotros\\\/#primaryimage\"},\"image\":{\"@id\":\"https:\\\/\\\/www.ewos.com\\\/cl\\\/nosotros\\\/#primaryimage\"},\"thumbnailUrl\":\"https:\\\/\\\/www.ewos.com\\\/cl\\\/wp-content\\\/uploads\\\/2024\\\/11\\\/Planta-Coronel-1024x427.png\",\"datePublished\":\"2024-11-07T12:36:15+00:00\",\"dateModified\":\"2026-03-20T17:32:44+00:00\",\"breadcrumb\":{\"@id\":\"https:\\\/\\\/www.ewos.com\\\/cl\\\/nosotros\\\/#breadcrumb\"},\"inLanguage\":\"en\",\"potentialAction\":[{\"@type\":\"ReadAction\",\"target\":[\"https:\\\/\\\/www.ewos.com\\\/cl\\\/nosotros\\\/\"]}]},{\"@type\":\"ImageObject\",\"inLanguage\":\"en\",\"@id\":\"https:\\\/\\\/www.ewos.com\\\/cl\\\/nosotros\\\/#primaryimage\",\"url\":\"https:\\\/\\\/www.ewos.com\\\/cl\\\/wp-content\\\/uploads\\\/2024\\\/11\\\/Planta-Coronel.png\",\"contentUrl\":\"https:\\\/\\\/www.ewos.com\\\/cl\\\/wp-content\\\/uploads\\\/2024\\\/11\\\/Planta-Coronel.png\",\"width\":1920,\"height\":801},{\"@type\":\"BreadcrumbList\",\"@id\":\"https:\\\/\\\/www.ewos.com\\\/cl\\\/nosotros\\\/#breadcrumb\",\"itemListElement\":[{\"@type\":\"ListItem\",\"position\":1,\"name\":\"Home\",\"item\":\"https:\\\/\\\/www.ewos.com\\\/cl\\\/\"},{\"@type\":\"ListItem\",\"position\":2,\"name\":\"Nosotros\"}]},{\"@type\":\"WebSite\",\"@id\":\"https:\\\/\\\/www.ewos.com\\\/cl\\\/#website\",\"url\":\"https:\\\/\\\/www.ewos.com\\\/cl\\\/\",\"name\":\"EWOS - Chile\",\"description\":\"\",\"potentialAction\":[{\"@type\":\"SearchAction\",\"target\":{\"@type\":\"EntryPoint\",\"urlTemplate\":\"https:\\\/\\\/www.ewos.com\\\/cl\\\/?s={search_term_string}\"},\"query-input\":{\"@type\":\"PropertyValueSpecification\",\"valueRequired\":true,\"valueName\":\"search_term_string\"}}],\"inLanguage\":\"en\"}]}<\/script>\n<!-- \/ Yoast SEO plugin. -->","yoast_head_json":{"title":"Nosotros - EWOS - Chile","robots":{"index":"index","follow":"follow","max-snippet":"max-snippet:-1","max-image-preview":"max-image-preview:large","max-video-preview":"max-video-preview:-1"},"canonical":"https:\/\/www.ewos.com\/cl\/nosotros\/","og_locale":"en_US","og_type":"article","og_title":"Nosotros - EWOS - Chile","og_description":"Somos Cargill Aqua Nutrition, uno de los principales productores de alimento para la acuicultura a nivel mundial, con presencia en Asia, Europa y Am\u00e9rica y con m\u00e1s de 100 a\u00f1os de experiencia. Ofrecemos soluciones nutricionales a trav\u00e9s de una gran variedad de dietas, adecuadas especialmente a las necesidades de cada especie, de cada lugar, y [&hellip;]","og_url":"https:\/\/www.ewos.com\/cl\/nosotros\/","og_site_name":"EWOS - Chile","article_modified_time":"2026-03-20T17:32:44+00:00","og_image":[{"url":"https:\/\/www.ewos.com\/cl\/wp-content\/uploads\/2024\/11\/Planta-Coronel-1024x427.png","type":"","width":"","height":""}],"twitter_card":"summary_large_image","twitter_misc":{"Est. reading time":"3 minutes"},"schema":{"@context":"https:\/\/schema.org","@graph":[{"@type":"WebPage","@id":"https:\/\/www.ewos.com\/cl\/nosotros\/","url":"https:\/\/www.ewos.com\/cl\/nosotros\/","name":"Nosotros - EWOS - Chile","isPartOf":{"@id":"https:\/\/www.ewos.com\/cl\/#website"},"primaryImageOfPage":{"@id":"https:\/\/www.ewos.com\/cl\/nosotros\/#primaryimage"},"image":{"@id":"https:\/\/www.ewos.com\/cl\/nosotros\/#primaryimage"},"thumbnailUrl":"https:\/\/www.ewos.com\/cl\/wp-content\/uploads\/2024\/11\/Planta-Coronel-1024x427.png","datePublished":"2024-11-07T12:36:15+00:00","dateModified":"2026-03-20T17:32:44+00:00","breadcrumb":{"@id":"https:\/\/www.ewos.com\/cl\/nosotros\/#breadcrumb"},"inLanguage":"en","potentialAction":[{"@type":"ReadAction","target":["https:\/\/www.ewos.com\/cl\/nosotros\/"]}]},{"@type":"ImageObject","inLanguage":"en","@id":"https:\/\/www.ewos.com\/cl\/nosotros\/#primaryimage","url":"https:\/\/www.ewos.com\/cl\/wp-content\/uploads\/2024\/11\/Planta-Coronel.png","contentUrl":"https:\/\/www.ewos.com\/cl\/wp-content\/uploads\/2024\/11\/Planta-Coronel.png","width":1920,"height":801},{"@type":"BreadcrumbList","@id":"https:\/\/www.ewos.com\/cl\/nosotros\/#breadcrumb","itemListElement":[{"@type":"ListItem","position":1,"name":"Home","item":"https:\/\/www.ewos.com\/cl\/"},{"@type":"ListItem","position":2,"name":"Nosotros"}]},{"@type":"WebSite","@id":"https:\/\/www.ewos.com\/cl\/#website","url":"https:\/\/www.ewos.com\/cl\/","name":"EWOS - Chile","description":"","potentialAction":[{"@type":"SearchAction","target":{"@type":"EntryPoint","urlTemplate":"https:\/\/www.ewos.com\/cl\/?s={search_term_string}"},"query-input":{"@type":"PropertyValueSpecification","valueRequired":true,"valueName":"search_term_string"}}],"inLanguage":"en"}]}},"_links":{"self":[{"href":"https:\/\/www.ewos.com\/cl\/wp-json\/wp\/v2\/pages\/2129","targetHints":{"allow":["GET"]}}],"collection":[{"href":"https:\/\/www.ewos.com\/cl\/wp-json\/wp\/v2\/pages"}],"about":[{"href":"https:\/\/www.ewos.com\/cl\/wp-json\/wp\/v2\/types\/page"}],"author":[{"embeddable":true,"href":"https:\/\/www.ewos.com\/cl\/wp-json\/wp\/v2\/users\/7"}],"replies":[{"embeddable":true,"href":"https:\/\/www.ewos.com\/cl\/wp-json\/wp\/v2\/comments?post=2129"}],"version-history":[{"count":25,"href":"https:\/\/www.ewos.com\/cl\/wp-json\/wp\/v2\/pages\/2129\/revisions"}],"predecessor-version":[{"id":2289,"href":"https:\/\/www.ewos.com\/cl\/wp-json\/wp\/v2\/pages\/2129\/revisions\/2289"}],"wp:attachment":[{"href":"https:\/\/www.ewos.com\/cl\/wp-json\/wp\/v2\/media?parent=2129"}],"curies":[{"name":"wp","href":"https:\/\/api.w.org\/{rel}","templated":true}]}}