{"id":1499,"date":"2023-11-30T19:37:51","date_gmt":"2023-11-30T19:37:51","guid":{"rendered":"https:\/\/www.ewos.com\/cl\/?page_id=1499"},"modified":"2024-11-07T12:50:26","modified_gmt":"2024-11-07T12:50:26","slug":"sea-further","status":"publish","type":"page","link":"https:\/\/www.ewos.com\/cl\/sea-further\/","title":{"rendered":"Sea Further"},"content":{"rendered":"\t\t<div data-elementor-type=\"wp-page\" data-elementor-id=\"1499\" class=\"elementor elementor-1499\" data-elementor-post-type=\"page\">\n\t\t\t\t\t\t<section class=\"elementor-section elementor-top-section elementor-element elementor-element-8bc1c05 elementor-section-boxed elementor-section-height-default elementor-section-height-default\" data-id=\"8bc1c05\" data-element_type=\"section\" data-e-type=\"section\" data-settings=\"{&quot;jet_parallax_layout_list&quot;:[]}\">\n\t\t\t\t\t\t<div class=\"elementor-container elementor-column-gap-default\">\n\t\t\t\t\t<div class=\"elementor-column elementor-col-100 elementor-top-column elementor-element elementor-element-93fa41f\" data-id=\"93fa41f\" data-element_type=\"column\" data-e-type=\"column\">\n\t\t\t<div class=\"elementor-widget-wrap elementor-element-populated\">\n\t\t\t\t\t\t<div class=\"elementor-element elementor-element-88e476b elementor-widget elementor-widget-theme-post-featured-image elementor-widget-image\" data-id=\"88e476b\" data-element_type=\"widget\" data-e-type=\"widget\" data-widget_type=\"theme-post-featured-image.default\">\n\t\t\t\t<div class=\"elementor-widget-container\">\n\t\t\t\t\t\t\t\t\t\t\t\t\t\t\t<img fetchpriority=\"high\" decoding=\"async\" width=\"1024\" height=\"597\" src=\"https:\/\/www.ewos.com\/cl\/wp-content\/uploads\/2023\/11\/cargill_puertomontt_ago2019-1104-1024x597.jpg\" class=\"attachment-large size-large wp-image-1501\" alt=\"\" srcset=\"https:\/\/www.ewos.com\/cl\/wp-content\/uploads\/2023\/11\/cargill_puertomontt_ago2019-1104-1024x597.jpg 1024w, https:\/\/www.ewos.com\/cl\/wp-content\/uploads\/2023\/11\/cargill_puertomontt_ago2019-1104-300x175.jpg 300w, https:\/\/www.ewos.com\/cl\/wp-content\/uploads\/2023\/11\/cargill_puertomontt_ago2019-1104-768x448.jpg 768w, https:\/\/www.ewos.com\/cl\/wp-content\/uploads\/2023\/11\/cargill_puertomontt_ago2019-1104-600x350.jpg 600w, https:\/\/www.ewos.com\/cl\/wp-content\/uploads\/2023\/11\/cargill_puertomontt_ago2019-1104.jpg 1200w\" sizes=\"(max-width: 1024px) 100vw, 1024px\" \/>\t\t\t\t\t\t\t\t\t\t\t\t\t\t\t<\/div>\n\t\t\t\t<\/div>\n\t\t\t\t<div class=\"elementor-element elementor-element-618a7e4 elementor-widget elementor-widget-heading\" data-id=\"618a7e4\" data-element_type=\"widget\" data-e-type=\"widget\" data-widget_type=\"heading.default\">\n\t\t\t\t<div class=\"elementor-widget-container\">\n\t\t\t\t\t<h1 class=\"elementor-heading-title elementor-size-default\">Conoce la iniciativa de Cargill para una acuicultra sustentable<\/h1>\t\t\t\t<\/div>\n\t\t\t\t<\/div>\n\t\t\t\t<div class=\"elementor-element elementor-element-ecc3e72 elementor-widget elementor-widget-text-editor\" data-id=\"ecc3e72\" data-element_type=\"widget\" data-e-type=\"widget\" data-widget_type=\"text-editor.default\">\n\t\t\t\t<div class=\"elementor-widget-container\">\n\t\t\t\t\t\t\t\t\t<p>Reducir en un 30% las emisiones del salm\u00f3n cultivado para 2030. Ese es el objetivo que ha trazado Cargill y para lo cual ha implementado una serie de iniciativas, una de las cuales es SeaFurther, cuyo foco est\u00e1 puesto en la gesti\u00f3n de los oc\u00e9anos y en abordar la sostenibilidad de los sistemas alimentarios, especialmente en relaci\u00f3n con el cambio clim\u00e1tico junto a sus clientes, reatilers y proveedores de materias primas.<\/p><p>Esta iniciativa ayudar\u00e1 a los acuicultores a cultivar productos del mar m\u00e1s sostenibles con menos impacto ambiental. Es parte del compromiso general de carbono de la compa\u00f1\u00eda, con un objetivo de \u201cAlcance 3\u201d basado en la ciencia para reducir las emisiones de gases de efecto invernadero (GEI) en un 30 por ciento por tonelada de alimentos para 2030. M\u00e1s en detalle, SeaFurther\u2122 ayudar\u00eda a ahorrar dos mil millones de kilogramos de CO2 para 2030, que es el equivalente de retirar m\u00e1s de 400.000 autos de las calles.<\/p><p><strong>Salm\u00f3n<\/strong><\/p><p>El programa SeaFurther\u2122 de Cargill comenzar\u00e1 con los productores de salm\u00f3n, centr\u00e1ndose en la gesti\u00f3n de los oc\u00e9anos y en abordar la sostenibilidad de los sistemas alimentarios, especialmente en relaci\u00f3n con el cambio clim\u00e1tico.<\/p><p>A trav\u00e9s de SeaFurther Sustainability, Cargill se est\u00e1 fijando el objetivo de\u00a0<strong>reducir en un 30% la huella del salm\u00f3n cultivado para 2030<\/strong>. Hoy en d\u00eda, la alimentaci\u00f3n representa hasta 90% de la huella ambiental de un salm\u00f3n. Para reducir este impacto clim\u00e1tico y permitir que los productores de salm\u00f3n brinden a los consumidores un opci\u00f3n cultivada de manera sostenible, Cargill explic\u00f3 que SeaFurther\u2122 se enfoca en:<\/p><p><strong>Origen:<\/strong>\u00a0el alimento de Cargill est\u00e1 dise\u00f1ado para minimizar la huella ambiental de la acuicultura. Trabajamos en estrecha colaboraci\u00f3n con nuestros proveedores para cultivar ingredientes y cadenas de suministro de origen responsable, al tiempo que buscamos formas de reutilizar los subproductos, como los recortes de pescado que normalmente se descartar\u00edan, siempre que podamos. Juntos, nos esforzamos por identificar y obtener ingredientes novedosos que creen alimentos a\u00fan m\u00e1s sustentables, ayudando a nuestros clientes y socios a lograr nuestros objetivos de sustentabilidad compartidos y satisfacer la demanda global de los consumidores.<\/p><p><strong>Maximizaci\u00f3n:<\/strong>\u00a0Cargill sabe que la sostenibilidad acu\u00edcola ocurre a nivel de los productores. Al utilizar su amplia experiencia en alimentos para la acuicultura, Cargill ayuda a los productores a \u2018hacer m\u00e1s con menos\u2019 para mejorar la\u00a0<em>performance<\/em>\u00a0de los peces y maximizar la producci\u00f3n, disminuyendo su impacto en el planeta.<\/p><p><strong>Bienestar animal:<\/strong>\u00a0los consumidores quieren saber c\u00f3mo se obtuvo su prote\u00edna y el bienestar animal debe estar en el centro de cualquier programa de sostenibilidad. SeaFurther\u2122<em>\u00a0<\/em>tiene la intenci\u00f3n de proteger a los peces de cultivo a trav\u00e9s de soluciones de nutrici\u00f3n que protegen y promueven la salud animal, reduciendo el uso de recursos y el impacto en el oc\u00e9ano en general.<\/p><p>Para m\u00e1s informaci\u00f3n, visita:\u00a0<a href=\"https:\/\/www.cargill.com\/sustainability\/supply-chains\/seafurther-sustainability-aquaculture\">SeaFurther\u2122 Sustainability | Cargill<\/a><\/p><p>\u00a0<\/p><p><img decoding=\"async\" class=\"alignnone size-full wp-image-1502 aligncenter\" src=\"https:\/\/www.ewos.com\/cl\/wp-content\/uploads\/2023\/11\/seafurther_logo_small.jpg\" alt=\"\" width=\"500\" height=\"200\" srcset=\"https:\/\/www.ewos.com\/cl\/wp-content\/uploads\/2023\/11\/seafurther_logo_small.jpg 500w, https:\/\/www.ewos.com\/cl\/wp-content\/uploads\/2023\/11\/seafurther_logo_small-300x120.jpg 300w\" sizes=\"(max-width: 500px) 100vw, 500px\" \/><\/p>\t\t\t\t\t\t\t\t<\/div>\n\t\t\t\t<\/div>\n\t\t\t\t\t<\/div>\n\t\t<\/div>\n\t\t\t\t\t<\/div>\n\t\t<\/section>\n\t\t\t\t<\/div>\n\t\t","protected":false},"excerpt":{"rendered":"<p>Conoce la iniciativa de Cargill para una acuicultra sustentable Reducir en un 30% las emisiones del salm\u00f3n cultivado para 2030. Ese es el objetivo que ha trazado Cargill y para lo cual ha implementado una serie de iniciativas, una de las cuales es SeaFurther, cuyo foco est\u00e1 puesto en la gesti\u00f3n de los oc\u00e9anos y [&hellip;]<\/p>\n","protected":false},"author":1,"featured_media":1501,"parent":0,"menu_order":6,"comment_status":"closed","ping_status":"closed","template":"","meta":{"footnotes":""},"class_list":["post-1499","page","type-page","status-publish","has-post-thumbnail","hentry"],"yoast_head":"<!-- This site is optimized with the Yoast SEO plugin v27.4 - https:\/\/yoast.com\/product\/yoast-seo-wordpress\/ -->\n<title>Sea Further - EWOS - Chile<\/title>\n<meta name=\"robots\" content=\"index, follow, max-snippet:-1, max-image-preview:large, max-video-preview:-1\" \/>\n<link rel=\"canonical\" href=\"https:\/\/www.ewos.com\/cl\/sea-further\/\" \/>\n<meta property=\"og:locale\" content=\"en_US\" \/>\n<meta property=\"og:type\" content=\"article\" \/>\n<meta property=\"og:title\" content=\"Sea Further - EWOS - Chile\" \/>\n<meta property=\"og:description\" content=\"Conoce la iniciativa de Cargill para una acuicultra sustentable Reducir en un 30% las emisiones del salm\u00f3n cultivado para 2030. Ese es el objetivo que ha trazado Cargill y para lo cual ha implementado una serie de iniciativas, una de las cuales es SeaFurther, cuyo foco est\u00e1 puesto en la gesti\u00f3n de los oc\u00e9anos y [&hellip;]\" \/>\n<meta property=\"og:url\" content=\"https:\/\/www.ewos.com\/cl\/sea-further\/\" \/>\n<meta property=\"og:site_name\" content=\"EWOS - Chile\" \/>\n<meta property=\"article:modified_time\" content=\"2024-11-07T12:50:26+00:00\" \/>\n<meta property=\"og:image\" content=\"https:\/\/www.ewos.com\/cl\/wp-content\/uploads\/2023\/11\/cargill_puertomontt_ago2019-1104.jpg\" \/>\n\t<meta property=\"og:image:width\" content=\"1200\" \/>\n\t<meta property=\"og:image:height\" content=\"700\" \/>\n\t<meta property=\"og:image:type\" content=\"image\/jpeg\" \/>\n<meta name=\"twitter:card\" content=\"summary_large_image\" \/>\n<meta name=\"twitter:label1\" content=\"Est. reading time\" \/>\n\t<meta name=\"twitter:data1\" content=\"3 minutes\" \/>\n<script type=\"application\/ld+json\" class=\"yoast-schema-graph\">{\"@context\":\"https:\\\/\\\/schema.org\",\"@graph\":[{\"@type\":\"WebPage\",\"@id\":\"https:\\\/\\\/www.ewos.com\\\/cl\\\/sea-further\\\/\",\"url\":\"https:\\\/\\\/www.ewos.com\\\/cl\\\/sea-further\\\/\",\"name\":\"Sea Further - EWOS - Chile\",\"isPartOf\":{\"@id\":\"https:\\\/\\\/www.ewos.com\\\/cl\\\/#website\"},\"primaryImageOfPage\":{\"@id\":\"https:\\\/\\\/www.ewos.com\\\/cl\\\/sea-further\\\/#primaryimage\"},\"image\":{\"@id\":\"https:\\\/\\\/www.ewos.com\\\/cl\\\/sea-further\\\/#primaryimage\"},\"thumbnailUrl\":\"https:\\\/\\\/www.ewos.com\\\/cl\\\/wp-content\\\/uploads\\\/2023\\\/11\\\/cargill_puertomontt_ago2019-1104.jpg\",\"datePublished\":\"2023-11-30T19:37:51+00:00\",\"dateModified\":\"2024-11-07T12:50:26+00:00\",\"breadcrumb\":{\"@id\":\"https:\\\/\\\/www.ewos.com\\\/cl\\\/sea-further\\\/#breadcrumb\"},\"inLanguage\":\"en\",\"potentialAction\":[{\"@type\":\"ReadAction\",\"target\":[\"https:\\\/\\\/www.ewos.com\\\/cl\\\/sea-further\\\/\"]}]},{\"@type\":\"ImageObject\",\"inLanguage\":\"en\",\"@id\":\"https:\\\/\\\/www.ewos.com\\\/cl\\\/sea-further\\\/#primaryimage\",\"url\":\"https:\\\/\\\/www.ewos.com\\\/cl\\\/wp-content\\\/uploads\\\/2023\\\/11\\\/cargill_puertomontt_ago2019-1104.jpg\",\"contentUrl\":\"https:\\\/\\\/www.ewos.com\\\/cl\\\/wp-content\\\/uploads\\\/2023\\\/11\\\/cargill_puertomontt_ago2019-1104.jpg\",\"width\":1200,\"height\":700},{\"@type\":\"BreadcrumbList\",\"@id\":\"https:\\\/\\\/www.ewos.com\\\/cl\\\/sea-further\\\/#breadcrumb\",\"itemListElement\":[{\"@type\":\"ListItem\",\"position\":1,\"name\":\"Home\",\"item\":\"https:\\\/\\\/www.ewos.com\\\/cl\\\/\"},{\"@type\":\"ListItem\",\"position\":2,\"name\":\"Sea Further\"}]},{\"@type\":\"WebSite\",\"@id\":\"https:\\\/\\\/www.ewos.com\\\/cl\\\/#website\",\"url\":\"https:\\\/\\\/www.ewos.com\\\/cl\\\/\",\"name\":\"EWOS - Chile\",\"description\":\"\",\"potentialAction\":[{\"@type\":\"SearchAction\",\"target\":{\"@type\":\"EntryPoint\",\"urlTemplate\":\"https:\\\/\\\/www.ewos.com\\\/cl\\\/?s={search_term_string}\"},\"query-input\":{\"@type\":\"PropertyValueSpecification\",\"valueRequired\":true,\"valueName\":\"search_term_string\"}}],\"inLanguage\":\"en\"}]}<\/script>\n<!-- \/ Yoast SEO plugin. -->","yoast_head_json":{"title":"Sea Further - EWOS - Chile","robots":{"index":"index","follow":"follow","max-snippet":"max-snippet:-1","max-image-preview":"max-image-preview:large","max-video-preview":"max-video-preview:-1"},"canonical":"https:\/\/www.ewos.com\/cl\/sea-further\/","og_locale":"en_US","og_type":"article","og_title":"Sea Further - EWOS - Chile","og_description":"Conoce la iniciativa de Cargill para una acuicultra sustentable Reducir en un 30% las emisiones del salm\u00f3n cultivado para 2030. Ese es el objetivo que ha trazado Cargill y para lo cual ha implementado una serie de iniciativas, una de las cuales es SeaFurther, cuyo foco est\u00e1 puesto en la gesti\u00f3n de los oc\u00e9anos y [&hellip;]","og_url":"https:\/\/www.ewos.com\/cl\/sea-further\/","og_site_name":"EWOS - Chile","article_modified_time":"2024-11-07T12:50:26+00:00","og_image":[{"width":1200,"height":700,"url":"https:\/\/www.ewos.com\/cl\/wp-content\/uploads\/2023\/11\/cargill_puertomontt_ago2019-1104.jpg","type":"image\/jpeg"}],"twitter_card":"summary_large_image","twitter_misc":{"Est. reading time":"3 minutes"},"schema":{"@context":"https:\/\/schema.org","@graph":[{"@type":"WebPage","@id":"https:\/\/www.ewos.com\/cl\/sea-further\/","url":"https:\/\/www.ewos.com\/cl\/sea-further\/","name":"Sea Further - EWOS - Chile","isPartOf":{"@id":"https:\/\/www.ewos.com\/cl\/#website"},"primaryImageOfPage":{"@id":"https:\/\/www.ewos.com\/cl\/sea-further\/#primaryimage"},"image":{"@id":"https:\/\/www.ewos.com\/cl\/sea-further\/#primaryimage"},"thumbnailUrl":"https:\/\/www.ewos.com\/cl\/wp-content\/uploads\/2023\/11\/cargill_puertomontt_ago2019-1104.jpg","datePublished":"2023-11-30T19:37:51+00:00","dateModified":"2024-11-07T12:50:26+00:00","breadcrumb":{"@id":"https:\/\/www.ewos.com\/cl\/sea-further\/#breadcrumb"},"inLanguage":"en","potentialAction":[{"@type":"ReadAction","target":["https:\/\/www.ewos.com\/cl\/sea-further\/"]}]},{"@type":"ImageObject","inLanguage":"en","@id":"https:\/\/www.ewos.com\/cl\/sea-further\/#primaryimage","url":"https:\/\/www.ewos.com\/cl\/wp-content\/uploads\/2023\/11\/cargill_puertomontt_ago2019-1104.jpg","contentUrl":"https:\/\/www.ewos.com\/cl\/wp-content\/uploads\/2023\/11\/cargill_puertomontt_ago2019-1104.jpg","width":1200,"height":700},{"@type":"BreadcrumbList","@id":"https:\/\/www.ewos.com\/cl\/sea-further\/#breadcrumb","itemListElement":[{"@type":"ListItem","position":1,"name":"Home","item":"https:\/\/www.ewos.com\/cl\/"},{"@type":"ListItem","position":2,"name":"Sea Further"}]},{"@type":"WebSite","@id":"https:\/\/www.ewos.com\/cl\/#website","url":"https:\/\/www.ewos.com\/cl\/","name":"EWOS - Chile","description":"","potentialAction":[{"@type":"SearchAction","target":{"@type":"EntryPoint","urlTemplate":"https:\/\/www.ewos.com\/cl\/?s={search_term_string}"},"query-input":{"@type":"PropertyValueSpecification","valueRequired":true,"valueName":"search_term_string"}}],"inLanguage":"en"}]}},"_links":{"self":[{"href":"https:\/\/www.ewos.com\/cl\/wp-json\/wp\/v2\/pages\/1499","targetHints":{"allow":["GET"]}}],"collection":[{"href":"https:\/\/www.ewos.com\/cl\/wp-json\/wp\/v2\/pages"}],"about":[{"href":"https:\/\/www.ewos.com\/cl\/wp-json\/wp\/v2\/types\/page"}],"author":[{"embeddable":true,"href":"https:\/\/www.ewos.com\/cl\/wp-json\/wp\/v2\/users\/1"}],"replies":[{"embeddable":true,"href":"https:\/\/www.ewos.com\/cl\/wp-json\/wp\/v2\/comments?post=1499"}],"version-history":[{"count":4,"href":"https:\/\/www.ewos.com\/cl\/wp-json\/wp\/v2\/pages\/1499\/revisions"}],"predecessor-version":[{"id":1506,"href":"https:\/\/www.ewos.com\/cl\/wp-json\/wp\/v2\/pages\/1499\/revisions\/1506"}],"wp:featuredmedia":[{"embeddable":true,"href":"https:\/\/www.ewos.com\/cl\/wp-json\/wp\/v2\/media\/1501"}],"wp:attachment":[{"href":"https:\/\/www.ewos.com\/cl\/wp-json\/wp\/v2\/media?parent=1499"}],"curies":[{"name":"wp","href":"https:\/\/api.w.org\/{rel}","templated":true}]}}