{"id":1122,"date":"2023-11-16T19:33:30","date_gmt":"2023-11-16T19:33:30","guid":{"rendered":"https:\/\/www.ewos.com\/cl\/?page_id=1122"},"modified":"2023-11-30T19:36:30","modified_gmt":"2023-11-30T19:36:30","slug":"salud-de-peces","status":"publish","type":"page","link":"https:\/\/www.ewos.com\/cl\/productos\/salud-de-peces\/","title":{"rendered":"Salud de Peces"},"content":{"rendered":"\t\t<div data-elementor-type=\"wp-post\" data-elementor-id=\"1122\" class=\"elementor elementor-1122\" data-elementor-post-type=\"page\">\n\t\t\t\t\t\t<section class=\"elementor-section elementor-top-section elementor-element elementor-element-266fca4 elementor-section-boxed elementor-section-height-default elementor-section-height-default\" data-id=\"266fca4\" data-element_type=\"section\" data-e-type=\"section\" data-settings=\"{&quot;jet_parallax_layout_list&quot;:[{&quot;jet_parallax_layout_image&quot;:{&quot;url&quot;:&quot;&quot;,&quot;id&quot;:&quot;&quot;,&quot;size&quot;:&quot;&quot;},&quot;_id&quot;:&quot;0557dbc&quot;,&quot;jet_parallax_layout_speed&quot;:{&quot;unit&quot;:&quot;%&quot;,&quot;size&quot;:50,&quot;sizes&quot;:[]},&quot;jet_parallax_layout_image_tablet&quot;:{&quot;url&quot;:&quot;&quot;,&quot;id&quot;:&quot;&quot;,&quot;size&quot;:&quot;&quot;},&quot;jet_parallax_layout_image_mobile&quot;:{&quot;url&quot;:&quot;&quot;,&quot;id&quot;:&quot;&quot;,&quot;size&quot;:&quot;&quot;},&quot;jet_parallax_layout_type&quot;:&quot;scroll&quot;,&quot;jet_parallax_layout_direction&quot;:&quot;1&quot;,&quot;jet_parallax_layout_fx_direction&quot;:null,&quot;jet_parallax_layout_z_index&quot;:&quot;&quot;,&quot;jet_parallax_layout_bg_x&quot;:50,&quot;jet_parallax_layout_bg_x_tablet&quot;:&quot;&quot;,&quot;jet_parallax_layout_bg_x_mobile&quot;:&quot;&quot;,&quot;jet_parallax_layout_bg_y&quot;:50,&quot;jet_parallax_layout_bg_y_tablet&quot;:&quot;&quot;,&quot;jet_parallax_layout_bg_y_mobile&quot;:&quot;&quot;,&quot;jet_parallax_layout_bg_size&quot;:&quot;auto&quot;,&quot;jet_parallax_layout_bg_size_tablet&quot;:&quot;&quot;,&quot;jet_parallax_layout_bg_size_mobile&quot;:&quot;&quot;,&quot;jet_parallax_layout_animation_prop&quot;:&quot;transform&quot;,&quot;jet_parallax_layout_on&quot;:[&quot;desktop&quot;,&quot;tablet&quot;]}],&quot;background_background&quot;:&quot;classic&quot;}\">\n\t\t\t\t\t\t<div class=\"elementor-container elementor-column-gap-default\">\n\t\t\t\t\t<div class=\"elementor-column elementor-col-100 elementor-top-column elementor-element elementor-element-05cf49b\" data-id=\"05cf49b\" data-element_type=\"column\" data-e-type=\"column\">\n\t\t\t<div class=\"elementor-widget-wrap elementor-element-populated\">\n\t\t\t\t\t\t<div class=\"elementor-element elementor-element-59f76f7 elementor-widget elementor-widget-theme-post-featured-image elementor-widget-image\" data-id=\"59f76f7\" data-element_type=\"widget\" data-e-type=\"widget\" data-widget_type=\"theme-post-featured-image.default\">\n\t\t\t\t<div class=\"elementor-widget-container\">\n\t\t\t\t\t\t\t\t\t\t\t\t\t\t\t<img fetchpriority=\"high\" decoding=\"async\" width=\"1024\" height=\"597\" src=\"https:\/\/www.ewos.com\/cl\/wp-content\/uploads\/2023\/11\/cargill_puertomontt_ago2019-222-1024x597.jpg\" class=\"attachment-large size-large wp-image-1458\" alt=\"\" srcset=\"https:\/\/www.ewos.com\/cl\/wp-content\/uploads\/2023\/11\/cargill_puertomontt_ago2019-222-1024x597.jpg 1024w, https:\/\/www.ewos.com\/cl\/wp-content\/uploads\/2023\/11\/cargill_puertomontt_ago2019-222-300x175.jpg 300w, https:\/\/www.ewos.com\/cl\/wp-content\/uploads\/2023\/11\/cargill_puertomontt_ago2019-222-768x448.jpg 768w, https:\/\/www.ewos.com\/cl\/wp-content\/uploads\/2023\/11\/cargill_puertomontt_ago2019-222-600x350.jpg 600w, https:\/\/www.ewos.com\/cl\/wp-content\/uploads\/2023\/11\/cargill_puertomontt_ago2019-222.jpg 1200w\" sizes=\"(max-width: 1024px) 100vw, 1024px\" \/>\t\t\t\t\t\t\t\t\t\t\t\t\t\t\t<\/div>\n\t\t\t\t<\/div>\n\t\t\t\t<div class=\"elementor-element elementor-element-8e15c02 elementor-widget elementor-widget-spacer\" data-id=\"8e15c02\" data-element_type=\"widget\" data-e-type=\"widget\" data-widget_type=\"spacer.default\">\n\t\t\t\t<div class=\"elementor-widget-container\">\n\t\t\t\t\t\t\t<div class=\"elementor-spacer\">\n\t\t\t<div class=\"elementor-spacer-inner\"><\/div>\n\t\t<\/div>\n\t\t\t\t\t\t<\/div>\n\t\t\t\t<\/div>\n\t\t\t\t<div class=\"elementor-element elementor-element-1aebe03 elementor-widget elementor-widget-heading\" data-id=\"1aebe03\" data-element_type=\"widget\" data-e-type=\"widget\" data-widget_type=\"heading.default\">\n\t\t\t\t<div class=\"elementor-widget-container\">\n\t\t\t\t\t<h1 class=\"elementor-heading-title elementor-size-default\">Productos para Salud de Peces<\/h1>\t\t\t\t<\/div>\n\t\t\t\t<\/div>\n\t\t\t\t<div class=\"elementor-element elementor-element-38b2e8b elementor-widget elementor-widget-spacer\" data-id=\"38b2e8b\" data-element_type=\"widget\" data-e-type=\"widget\" data-widget_type=\"spacer.default\">\n\t\t\t\t<div class=\"elementor-widget-container\">\n\t\t\t\t\t\t\t<div class=\"elementor-spacer\">\n\t\t\t<div class=\"elementor-spacer-inner\"><\/div>\n\t\t<\/div>\n\t\t\t\t\t\t<\/div>\n\t\t\t\t<\/div>\n\t\t\t\t<div class=\"elementor-element elementor-element-48a49c0 elementor-widget elementor-widget-text-editor\" data-id=\"48a49c0\" data-element_type=\"widget\" data-e-type=\"widget\" data-widget_type=\"text-editor.default\">\n\t\t\t\t<div class=\"elementor-widget-container\">\n\t\t\t\t\t\t\t\t\t<p>La salud de los peces es una constante preocupaci\u00f3n para los productores y para Cargill. Es por eso, que hemos invertido para desarrollar en Chile un Centro de Innovaci\u00f3n dedicado a la investigaci\u00f3n en esta materia. Conoce las dietas que tenemos en este segmento para apoyar a los peces.<\/p><p>Cargill cuenta con varios productos orientados a fortalecer y recuperar la salud de los peces que enfrentan diversos desaf\u00edos en las distintas etapas de cultivo.<\/p>\t\t\t\t\t\t\t\t<\/div>\n\t\t\t\t<\/div>\n\t\t\t\t<section class=\"elementor-section elementor-inner-section elementor-element elementor-element-1521338 elementor-section-boxed elementor-section-height-default elementor-section-height-default\" data-id=\"1521338\" data-element_type=\"section\" data-e-type=\"section\" data-settings=\"{&quot;jet_parallax_layout_list&quot;:[]}\">\n\t\t\t\t\t\t<div class=\"elementor-container elementor-column-gap-default\">\n\t\t\t\t\t<div class=\"elementor-column elementor-col-25 elementor-inner-column elementor-element elementor-element-e5dfc65\" data-id=\"e5dfc65\" data-element_type=\"column\" data-e-type=\"column\">\n\t\t\t<div class=\"elementor-widget-wrap elementor-element-populated\">\n\t\t\t\t\t\t<div class=\"elementor-element elementor-element-8517233 elementor-widget elementor-widget-image\" data-id=\"8517233\" data-element_type=\"widget\" data-e-type=\"widget\" data-widget_type=\"image.default\">\n\t\t\t\t<div class=\"elementor-widget-container\">\n\t\t\t\t\t\t\t\t\t\t\t\t\t\t\t<img decoding=\"async\" width=\"150\" height=\"150\" src=\"https:\/\/www.ewos.com\/cl\/wp-content\/uploads\/2023\/11\/bacter.jpg\" class=\"attachment-large size-large wp-image-1492\" alt=\"\" \/>\t\t\t\t\t\t\t\t\t\t\t\t\t\t\t<\/div>\n\t\t\t\t<\/div>\n\t\t\t\t\t<\/div>\n\t\t<\/div>\n\t\t\t\t<div class=\"elementor-column elementor-col-25 elementor-inner-column elementor-element elementor-element-4034297\" data-id=\"4034297\" data-element_type=\"column\" data-e-type=\"column\">\n\t\t\t<div class=\"elementor-widget-wrap elementor-element-populated\">\n\t\t\t\t\t\t<div class=\"elementor-element elementor-element-bbf7f3e elementor-widget elementor-widget-image\" data-id=\"bbf7f3e\" data-element_type=\"widget\" data-e-type=\"widget\" data-widget_type=\"image.default\">\n\t\t\t\t<div class=\"elementor-widget-container\">\n\t\t\t\t\t\t\t\t\t\t\t\t\t\t\t<img decoding=\"async\" width=\"150\" height=\"150\" src=\"https:\/\/www.ewos.com\/cl\/wp-content\/uploads\/2023\/11\/vira.jpg\" class=\"attachment-large size-large wp-image-1495\" alt=\"\" \/>\t\t\t\t\t\t\t\t\t\t\t\t\t\t\t<\/div>\n\t\t\t\t<\/div>\n\t\t\t\t\t<\/div>\n\t\t<\/div>\n\t\t\t\t<div class=\"elementor-column elementor-col-25 elementor-inner-column elementor-element elementor-element-b830869\" data-id=\"b830869\" data-element_type=\"column\" data-e-type=\"column\">\n\t\t\t<div class=\"elementor-widget-wrap elementor-element-populated\">\n\t\t\t\t\t\t<div class=\"elementor-element elementor-element-f78ae63 elementor-widget elementor-widget-image\" data-id=\"f78ae63\" data-element_type=\"widget\" data-e-type=\"widget\" data-widget_type=\"image.default\">\n\t\t\t\t<div class=\"elementor-widget-container\">\n\t\t\t\t\t\t\t\t\t\t\t\t\t\t\t<img loading=\"lazy\" decoding=\"async\" width=\"150\" height=\"150\" src=\"https:\/\/www.ewos.com\/cl\/wp-content\/uploads\/2023\/11\/med.jpg\" class=\"attachment-large size-large wp-image-1493\" alt=\"\" \/>\t\t\t\t\t\t\t\t\t\t\t\t\t\t\t<\/div>\n\t\t\t\t<\/div>\n\t\t\t\t\t<\/div>\n\t\t<\/div>\n\t\t\t\t<div class=\"elementor-column elementor-col-25 elementor-inner-column elementor-element elementor-element-77a8e8a\" data-id=\"77a8e8a\" data-element_type=\"column\" data-e-type=\"column\">\n\t\t\t<div class=\"elementor-widget-wrap elementor-element-populated\">\n\t\t\t\t\t\t<div class=\"elementor-element elementor-element-a1bfcee elementor-widget elementor-widget-image\" data-id=\"a1bfcee\" data-element_type=\"widget\" data-e-type=\"widget\" data-widget_type=\"image.default\">\n\t\t\t\t<div class=\"elementor-widget-container\">\n\t\t\t\t\t\t\t\t\t\t\t\t\t\t\t<img loading=\"lazy\" decoding=\"async\" width=\"150\" height=\"200\" src=\"https:\/\/www.ewos.com\/cl\/wp-content\/uploads\/2023\/11\/synergy.jpg\" class=\"attachment-large size-large wp-image-1494\" alt=\"\" \/>\t\t\t\t\t\t\t\t\t\t\t\t\t\t\t<\/div>\n\t\t\t\t<\/div>\n\t\t\t\t\t<\/div>\n\t\t<\/div>\n\t\t\t\t\t<\/div>\n\t\t<\/section>\n\t\t\t\t<div class=\"elementor-element elementor-element-6e66d41 elementor-widget elementor-widget-text-editor\" data-id=\"6e66d41\" data-element_type=\"widget\" data-e-type=\"widget\" data-widget_type=\"text-editor.default\">\n\t\t\t\t<div class=\"elementor-widget-container\">\n\t\t\t\t\t\t\t\t\tPara obtener m\u00e1s informaci\u00f3n, p\u00f3ngase en contacto con su Feed Consultant.\t\t\t\t\t\t\t\t<\/div>\n\t\t\t\t<\/div>\n\t\t\t\t\t<\/div>\n\t\t<\/div>\n\t\t\t\t\t<\/div>\n\t\t<\/section>\n\t\t\t\t<\/div>\n\t\t","protected":false},"excerpt":{"rendered":"<p>Productos para Salud de Peces La salud de los peces es una constante preocupaci\u00f3n para los productores y para Cargill. Es por eso, que hemos invertido para desarrollar en Chile un Centro de Innovaci\u00f3n dedicado a la investigaci\u00f3n en esta materia. Conoce las dietas que tenemos en este segmento para apoyar a los peces. Cargill [&hellip;]<\/p>\n","protected":false},"author":1,"featured_media":1458,"parent":1002,"menu_order":7,"comment_status":"closed","ping_status":"closed","template":"","meta":{"footnotes":""},"class_list":["post-1122","page","type-page","status-publish","has-post-thumbnail","hentry"],"yoast_head":"<!-- This site is optimized with the Yoast SEO plugin v27.4 - https:\/\/yoast.com\/product\/yoast-seo-wordpress\/ -->\n<title>Salud de Peces - EWOS - Chile<\/title>\n<meta name=\"robots\" content=\"index, follow, max-snippet:-1, max-image-preview:large, max-video-preview:-1\" \/>\n<link rel=\"canonical\" href=\"https:\/\/www.ewos.com\/cl\/productos\/salud-de-peces\/\" \/>\n<meta property=\"og:locale\" content=\"en_US\" \/>\n<meta property=\"og:type\" content=\"article\" \/>\n<meta property=\"og:title\" content=\"Salud de Peces - EWOS - Chile\" \/>\n<meta property=\"og:description\" content=\"Productos para Salud de Peces La salud de los peces es una constante preocupaci\u00f3n para los productores y para Cargill. Es por eso, que hemos invertido para desarrollar en Chile un Centro de Innovaci\u00f3n dedicado a la investigaci\u00f3n en esta materia. Conoce las dietas que tenemos en este segmento para apoyar a los peces. Cargill [&hellip;]\" \/>\n<meta property=\"og:url\" content=\"https:\/\/www.ewos.com\/cl\/productos\/salud-de-peces\/\" \/>\n<meta property=\"og:site_name\" content=\"EWOS - Chile\" \/>\n<meta property=\"article:modified_time\" content=\"2023-11-30T19:36:30+00:00\" \/>\n<meta property=\"og:image\" content=\"https:\/\/www.ewos.com\/cl\/wp-content\/uploads\/2023\/11\/cargill_puertomontt_ago2019-222.jpg\" \/>\n\t<meta property=\"og:image:width\" content=\"1200\" \/>\n\t<meta property=\"og:image:height\" content=\"700\" \/>\n\t<meta property=\"og:image:type\" content=\"image\/jpeg\" \/>\n<meta name=\"twitter:card\" content=\"summary_large_image\" \/>\n<script type=\"application\/ld+json\" class=\"yoast-schema-graph\">{\"@context\":\"https:\\\/\\\/schema.org\",\"@graph\":[{\"@type\":\"WebPage\",\"@id\":\"https:\\\/\\\/www.ewos.com\\\/cl\\\/productos\\\/salud-de-peces\\\/\",\"url\":\"https:\\\/\\\/www.ewos.com\\\/cl\\\/productos\\\/salud-de-peces\\\/\",\"name\":\"Salud de Peces - EWOS - Chile\",\"isPartOf\":{\"@id\":\"https:\\\/\\\/www.ewos.com\\\/cl\\\/#website\"},\"primaryImageOfPage\":{\"@id\":\"https:\\\/\\\/www.ewos.com\\\/cl\\\/productos\\\/salud-de-peces\\\/#primaryimage\"},\"image\":{\"@id\":\"https:\\\/\\\/www.ewos.com\\\/cl\\\/productos\\\/salud-de-peces\\\/#primaryimage\"},\"thumbnailUrl\":\"https:\\\/\\\/www.ewos.com\\\/cl\\\/wp-content\\\/uploads\\\/2023\\\/11\\\/cargill_puertomontt_ago2019-222.jpg\",\"datePublished\":\"2023-11-16T19:33:30+00:00\",\"dateModified\":\"2023-11-30T19:36:30+00:00\",\"breadcrumb\":{\"@id\":\"https:\\\/\\\/www.ewos.com\\\/cl\\\/productos\\\/salud-de-peces\\\/#breadcrumb\"},\"inLanguage\":\"en\",\"potentialAction\":[{\"@type\":\"ReadAction\",\"target\":[\"https:\\\/\\\/www.ewos.com\\\/cl\\\/productos\\\/salud-de-peces\\\/\"]}]},{\"@type\":\"ImageObject\",\"inLanguage\":\"en\",\"@id\":\"https:\\\/\\\/www.ewos.com\\\/cl\\\/productos\\\/salud-de-peces\\\/#primaryimage\",\"url\":\"https:\\\/\\\/www.ewos.com\\\/cl\\\/wp-content\\\/uploads\\\/2023\\\/11\\\/cargill_puertomontt_ago2019-222.jpg\",\"contentUrl\":\"https:\\\/\\\/www.ewos.com\\\/cl\\\/wp-content\\\/uploads\\\/2023\\\/11\\\/cargill_puertomontt_ago2019-222.jpg\",\"width\":1200,\"height\":700},{\"@type\":\"BreadcrumbList\",\"@id\":\"https:\\\/\\\/www.ewos.com\\\/cl\\\/productos\\\/salud-de-peces\\\/#breadcrumb\",\"itemListElement\":[{\"@type\":\"ListItem\",\"position\":1,\"name\":\"Home\",\"item\":\"https:\\\/\\\/www.ewos.com\\\/cl\\\/\"},{\"@type\":\"ListItem\",\"position\":2,\"name\":\"Productos\",\"item\":\"https:\\\/\\\/www.ewos.com\\\/cl\\\/productos\\\/\"},{\"@type\":\"ListItem\",\"position\":3,\"name\":\"Salud de Peces\"}]},{\"@type\":\"WebSite\",\"@id\":\"https:\\\/\\\/www.ewos.com\\\/cl\\\/#website\",\"url\":\"https:\\\/\\\/www.ewos.com\\\/cl\\\/\",\"name\":\"EWOS - Chile\",\"description\":\"\",\"potentialAction\":[{\"@type\":\"SearchAction\",\"target\":{\"@type\":\"EntryPoint\",\"urlTemplate\":\"https:\\\/\\\/www.ewos.com\\\/cl\\\/?s={search_term_string}\"},\"query-input\":{\"@type\":\"PropertyValueSpecification\",\"valueRequired\":true,\"valueName\":\"search_term_string\"}}],\"inLanguage\":\"en\"}]}<\/script>\n<!-- \/ Yoast SEO plugin. -->","yoast_head_json":{"title":"Salud de Peces - EWOS - Chile","robots":{"index":"index","follow":"follow","max-snippet":"max-snippet:-1","max-image-preview":"max-image-preview:large","max-video-preview":"max-video-preview:-1"},"canonical":"https:\/\/www.ewos.com\/cl\/productos\/salud-de-peces\/","og_locale":"en_US","og_type":"article","og_title":"Salud de Peces - EWOS - Chile","og_description":"Productos para Salud de Peces La salud de los peces es una constante preocupaci\u00f3n para los productores y para Cargill. Es por eso, que hemos invertido para desarrollar en Chile un Centro de Innovaci\u00f3n dedicado a la investigaci\u00f3n en esta materia. Conoce las dietas que tenemos en este segmento para apoyar a los peces. Cargill [&hellip;]","og_url":"https:\/\/www.ewos.com\/cl\/productos\/salud-de-peces\/","og_site_name":"EWOS - Chile","article_modified_time":"2023-11-30T19:36:30+00:00","og_image":[{"width":1200,"height":700,"url":"https:\/\/www.ewos.com\/cl\/wp-content\/uploads\/2023\/11\/cargill_puertomontt_ago2019-222.jpg","type":"image\/jpeg"}],"twitter_card":"summary_large_image","schema":{"@context":"https:\/\/schema.org","@graph":[{"@type":"WebPage","@id":"https:\/\/www.ewos.com\/cl\/productos\/salud-de-peces\/","url":"https:\/\/www.ewos.com\/cl\/productos\/salud-de-peces\/","name":"Salud de Peces - EWOS - Chile","isPartOf":{"@id":"https:\/\/www.ewos.com\/cl\/#website"},"primaryImageOfPage":{"@id":"https:\/\/www.ewos.com\/cl\/productos\/salud-de-peces\/#primaryimage"},"image":{"@id":"https:\/\/www.ewos.com\/cl\/productos\/salud-de-peces\/#primaryimage"},"thumbnailUrl":"https:\/\/www.ewos.com\/cl\/wp-content\/uploads\/2023\/11\/cargill_puertomontt_ago2019-222.jpg","datePublished":"2023-11-16T19:33:30+00:00","dateModified":"2023-11-30T19:36:30+00:00","breadcrumb":{"@id":"https:\/\/www.ewos.com\/cl\/productos\/salud-de-peces\/#breadcrumb"},"inLanguage":"en","potentialAction":[{"@type":"ReadAction","target":["https:\/\/www.ewos.com\/cl\/productos\/salud-de-peces\/"]}]},{"@type":"ImageObject","inLanguage":"en","@id":"https:\/\/www.ewos.com\/cl\/productos\/salud-de-peces\/#primaryimage","url":"https:\/\/www.ewos.com\/cl\/wp-content\/uploads\/2023\/11\/cargill_puertomontt_ago2019-222.jpg","contentUrl":"https:\/\/www.ewos.com\/cl\/wp-content\/uploads\/2023\/11\/cargill_puertomontt_ago2019-222.jpg","width":1200,"height":700},{"@type":"BreadcrumbList","@id":"https:\/\/www.ewos.com\/cl\/productos\/salud-de-peces\/#breadcrumb","itemListElement":[{"@type":"ListItem","position":1,"name":"Home","item":"https:\/\/www.ewos.com\/cl\/"},{"@type":"ListItem","position":2,"name":"Productos","item":"https:\/\/www.ewos.com\/cl\/productos\/"},{"@type":"ListItem","position":3,"name":"Salud de Peces"}]},{"@type":"WebSite","@id":"https:\/\/www.ewos.com\/cl\/#website","url":"https:\/\/www.ewos.com\/cl\/","name":"EWOS - Chile","description":"","potentialAction":[{"@type":"SearchAction","target":{"@type":"EntryPoint","urlTemplate":"https:\/\/www.ewos.com\/cl\/?s={search_term_string}"},"query-input":{"@type":"PropertyValueSpecification","valueRequired":true,"valueName":"search_term_string"}}],"inLanguage":"en"}]}},"_links":{"self":[{"href":"https:\/\/www.ewos.com\/cl\/wp-json\/wp\/v2\/pages\/1122","targetHints":{"allow":["GET"]}}],"collection":[{"href":"https:\/\/www.ewos.com\/cl\/wp-json\/wp\/v2\/pages"}],"about":[{"href":"https:\/\/www.ewos.com\/cl\/wp-json\/wp\/v2\/types\/page"}],"author":[{"embeddable":true,"href":"https:\/\/www.ewos.com\/cl\/wp-json\/wp\/v2\/users\/1"}],"replies":[{"embeddable":true,"href":"https:\/\/www.ewos.com\/cl\/wp-json\/wp\/v2\/comments?post=1122"}],"version-history":[{"count":11,"href":"https:\/\/www.ewos.com\/cl\/wp-json\/wp\/v2\/pages\/1122\/revisions"}],"predecessor-version":[{"id":1498,"href":"https:\/\/www.ewos.com\/cl\/wp-json\/wp\/v2\/pages\/1122\/revisions\/1498"}],"up":[{"embeddable":true,"href":"https:\/\/www.ewos.com\/cl\/wp-json\/wp\/v2\/pages\/1002"}],"wp:featuredmedia":[{"embeddable":true,"href":"https:\/\/www.ewos.com\/cl\/wp-json\/wp\/v2\/media\/1458"}],"wp:attachment":[{"href":"https:\/\/www.ewos.com\/cl\/wp-json\/wp\/v2\/media?parent=1122"}],"curies":[{"name":"wp","href":"https:\/\/api.w.org\/{rel}","templated":true}]}}