{"id":1103,"date":"2023-11-16T19:17:06","date_gmt":"2023-11-16T19:17:06","guid":{"rendered":"https:\/\/www.ewos.com\/cl\/?page_id=1103"},"modified":"2026-02-06T15:27:39","modified_gmt":"2026-02-06T15:27:39","slug":"agua-de-mar","status":"publish","type":"page","link":"https:\/\/www.ewos.com\/cl\/productos\/agua-de-mar\/","title":{"rendered":"Agua de Mar"},"content":{"rendered":"\t\t<div data-elementor-type=\"wp-post\" data-elementor-id=\"1103\" class=\"elementor elementor-1103\" data-elementor-post-type=\"page\">\n\t\t\t\t\t\t<section class=\"elementor-section elementor-top-section elementor-element elementor-element-266fca4 elementor-section-boxed elementor-section-height-default elementor-section-height-default\" data-id=\"266fca4\" data-element_type=\"section\" data-e-type=\"section\" data-settings=\"{&quot;jet_parallax_layout_list&quot;:[{&quot;jet_parallax_layout_image&quot;:{&quot;url&quot;:&quot;&quot;,&quot;id&quot;:&quot;&quot;,&quot;size&quot;:&quot;&quot;},&quot;_id&quot;:&quot;0557dbc&quot;,&quot;jet_parallax_layout_speed&quot;:{&quot;unit&quot;:&quot;%&quot;,&quot;size&quot;:50,&quot;sizes&quot;:[]},&quot;jet_parallax_layout_image_tablet&quot;:{&quot;url&quot;:&quot;&quot;,&quot;id&quot;:&quot;&quot;,&quot;size&quot;:&quot;&quot;},&quot;jet_parallax_layout_image_mobile&quot;:{&quot;url&quot;:&quot;&quot;,&quot;id&quot;:&quot;&quot;,&quot;size&quot;:&quot;&quot;},&quot;jet_parallax_layout_type&quot;:&quot;scroll&quot;,&quot;jet_parallax_layout_direction&quot;:&quot;1&quot;,&quot;jet_parallax_layout_fx_direction&quot;:null,&quot;jet_parallax_layout_z_index&quot;:&quot;&quot;,&quot;jet_parallax_layout_bg_x&quot;:50,&quot;jet_parallax_layout_bg_x_tablet&quot;:&quot;&quot;,&quot;jet_parallax_layout_bg_x_mobile&quot;:&quot;&quot;,&quot;jet_parallax_layout_bg_y&quot;:50,&quot;jet_parallax_layout_bg_y_tablet&quot;:&quot;&quot;,&quot;jet_parallax_layout_bg_y_mobile&quot;:&quot;&quot;,&quot;jet_parallax_layout_bg_size&quot;:&quot;auto&quot;,&quot;jet_parallax_layout_bg_size_tablet&quot;:&quot;&quot;,&quot;jet_parallax_layout_bg_size_mobile&quot;:&quot;&quot;,&quot;jet_parallax_layout_animation_prop&quot;:&quot;transform&quot;,&quot;jet_parallax_layout_on&quot;:[&quot;desktop&quot;,&quot;tablet&quot;]}],&quot;background_background&quot;:&quot;classic&quot;}\">\n\t\t\t\t\t\t<div class=\"elementor-container elementor-column-gap-default\">\n\t\t\t\t\t<div class=\"elementor-column elementor-col-100 elementor-top-column elementor-element elementor-element-05cf49b\" data-id=\"05cf49b\" data-element_type=\"column\" data-e-type=\"column\">\n\t\t\t<div class=\"elementor-widget-wrap elementor-element-populated\">\n\t\t\t\t\t\t<div class=\"elementor-element elementor-element-59f76f7 elementor-widget elementor-widget-theme-post-featured-image elementor-widget-image\" data-id=\"59f76f7\" data-element_type=\"widget\" data-e-type=\"widget\" data-widget_type=\"theme-post-featured-image.default\">\n\t\t\t\t<div class=\"elementor-widget-container\">\n\t\t\t\t\t\t\t\t\t\t\t\t\t\t\t<img fetchpriority=\"high\" decoding=\"async\" width=\"1024\" height=\"597\" src=\"https:\/\/www.ewos.com\/cl\/wp-content\/uploads\/2023\/11\/pez-1024x597.jpg\" class=\"attachment-large size-large wp-image-1457\" alt=\"\" srcset=\"https:\/\/www.ewos.com\/cl\/wp-content\/uploads\/2023\/11\/pez-1024x597.jpg 1024w, https:\/\/www.ewos.com\/cl\/wp-content\/uploads\/2023\/11\/pez-300x175.jpg 300w, https:\/\/www.ewos.com\/cl\/wp-content\/uploads\/2023\/11\/pez-768x448.jpg 768w, https:\/\/www.ewos.com\/cl\/wp-content\/uploads\/2023\/11\/pez-600x350.jpg 600w, https:\/\/www.ewos.com\/cl\/wp-content\/uploads\/2023\/11\/pez.jpg 1200w\" sizes=\"(max-width: 1024px) 100vw, 1024px\" \/>\t\t\t\t\t\t\t\t\t\t\t\t\t\t\t<\/div>\n\t\t\t\t<\/div>\n\t\t\t\t<div class=\"elementor-element elementor-element-8e15c02 elementor-widget elementor-widget-spacer\" data-id=\"8e15c02\" data-element_type=\"widget\" data-e-type=\"widget\" data-widget_type=\"spacer.default\">\n\t\t\t\t<div class=\"elementor-widget-container\">\n\t\t\t\t\t\t\t<div class=\"elementor-spacer\">\n\t\t\t<div class=\"elementor-spacer-inner\"><\/div>\n\t\t<\/div>\n\t\t\t\t\t\t<\/div>\n\t\t\t\t<\/div>\n\t\t\t\t<div class=\"elementor-element elementor-element-1aebe03 elementor-widget elementor-widget-heading\" data-id=\"1aebe03\" data-element_type=\"widget\" data-e-type=\"widget\" data-widget_type=\"heading.default\">\n\t\t\t\t<div class=\"elementor-widget-container\">\n\t\t\t\t\t<h1 class=\"elementor-heading-title elementor-size-default\">Productos Agua de Mar<\/h1>\t\t\t\t<\/div>\n\t\t\t\t<\/div>\n\t\t\t\t<div class=\"elementor-element elementor-element-38b2e8b elementor-widget elementor-widget-spacer\" data-id=\"38b2e8b\" data-element_type=\"widget\" data-e-type=\"widget\" data-widget_type=\"spacer.default\">\n\t\t\t\t<div class=\"elementor-widget-container\">\n\t\t\t\t\t\t\t<div class=\"elementor-spacer\">\n\t\t\t<div class=\"elementor-spacer-inner\"><\/div>\n\t\t<\/div>\n\t\t\t\t\t\t<\/div>\n\t\t\t\t<\/div>\n\t\t\t\t<div class=\"elementor-element elementor-element-48a49c0 elementor-widget elementor-widget-text-editor\" data-id=\"48a49c0\" data-element_type=\"widget\" data-e-type=\"widget\" data-widget_type=\"text-editor.default\">\n\t\t\t\t<div class=\"elementor-widget-container\">\n\t\t\t\t\t\t\t\t\t<p>Conoce todos los productos que Cargill tiene para la etapa de engorda, especialmente dise\u00f1ados para lograr \u00f3ptimas performance y los mejores resultados de calidad final. Todas las dietas de Cargill han sido formuladas bajo el concepto de nitr\u00f3geno esencial.\u00a0<\/p><p>Todos los productos de la l\u00ednea Grower de EWOS est\u00e1n basados en EWOS COMPASS, que permite dise\u00f1ar dietas con los niveles \u00f3ptimos de nutrientes y bajo el concepto de nitr\u00f3geno esencial.<\/p><p>EWOS cuenta con tres categor\u00edas de productos y estrategias especialmente dise\u00f1adas para responder a los desaf\u00edos que deben enfrentar los peces y los productores en la etapa de engorda en agua de mar.<\/p>\t\t\t\t\t\t\t\t<\/div>\n\t\t\t\t<\/div>\n\t\t\t\t<div class=\"elementor-element elementor-element-6e66d41 elementor-widget elementor-widget-text-editor\" data-id=\"6e66d41\" data-element_type=\"widget\" data-e-type=\"widget\" data-widget_type=\"text-editor.default\">\n\t\t\t\t<div class=\"elementor-widget-container\">\n\t\t\t\t\t\t\t\t\t<strong>Salm\u00f3n del Atl\u00e1ntico y Multiespecie<\/strong>\t\t\t\t\t\t\t\t<\/div>\n\t\t\t\t<\/div>\n\t\t\t\t<section class=\"elementor-section elementor-inner-section elementor-element elementor-element-a1963ae elementor-section-boxed elementor-section-height-default elementor-section-height-default\" data-id=\"a1963ae\" data-element_type=\"section\" data-e-type=\"section\" data-settings=\"{&quot;jet_parallax_layout_list&quot;:[]}\">\n\t\t\t\t\t\t<div class=\"elementor-container elementor-column-gap-default\">\n\t\t\t\t\t<div class=\"elementor-column elementor-col-33 elementor-inner-column elementor-element elementor-element-c7a4724\" data-id=\"c7a4724\" data-element_type=\"column\" data-e-type=\"column\">\n\t\t\t<div class=\"elementor-widget-wrap elementor-element-populated\">\n\t\t\t\t\t\t<div class=\"elementor-element elementor-element-8a47c85 elementor-widget elementor-widget-image\" data-id=\"8a47c85\" data-element_type=\"widget\" data-e-type=\"widget\" data-widget_type=\"image.default\">\n\t\t\t\t<div class=\"elementor-widget-container\">\n\t\t\t\t\t\t\t\t\t\t\t\t\t\t\t<img decoding=\"async\" width=\"200\" height=\"200\" src=\"https:\/\/www.ewos.com\/cl\/wp-content\/uploads\/2023\/11\/ultra.jpg\" class=\"attachment-large size-large wp-image-1474\" alt=\"\" srcset=\"https:\/\/www.ewos.com\/cl\/wp-content\/uploads\/2023\/11\/ultra.jpg 200w, https:\/\/www.ewos.com\/cl\/wp-content\/uploads\/2023\/11\/ultra-150x150.jpg 150w\" sizes=\"(max-width: 200px) 100vw, 200px\" \/>\t\t\t\t\t\t\t\t\t\t\t\t\t\t\t<\/div>\n\t\t\t\t<\/div>\n\t\t\t\t\t<\/div>\n\t\t<\/div>\n\t\t\t\t<div class=\"elementor-column elementor-col-33 elementor-inner-column elementor-element elementor-element-32bb739\" data-id=\"32bb739\" data-element_type=\"column\" data-e-type=\"column\">\n\t\t\t<div class=\"elementor-widget-wrap elementor-element-populated\">\n\t\t\t\t\t\t<div class=\"elementor-element elementor-element-92d3c2c elementor-widget elementor-widget-image\" data-id=\"92d3c2c\" data-element_type=\"widget\" data-e-type=\"widget\" data-widget_type=\"image.default\">\n\t\t\t\t<div class=\"elementor-widget-container\">\n\t\t\t\t\t\t\t\t\t\t\t\t\t\t\t<img decoding=\"async\" width=\"200\" height=\"200\" src=\"https:\/\/www.ewos.com\/cl\/wp-content\/uploads\/2023\/11\/rapid.jpg\" class=\"attachment-large size-large wp-image-1471\" alt=\"\" srcset=\"https:\/\/www.ewos.com\/cl\/wp-content\/uploads\/2023\/11\/rapid.jpg 200w, https:\/\/www.ewos.com\/cl\/wp-content\/uploads\/2023\/11\/rapid-150x150.jpg 150w\" sizes=\"(max-width: 200px) 100vw, 200px\" \/>\t\t\t\t\t\t\t\t\t\t\t\t\t\t\t<\/div>\n\t\t\t\t<\/div>\n\t\t\t\t\t<\/div>\n\t\t<\/div>\n\t\t\t\t<div class=\"elementor-column elementor-col-33 elementor-inner-column elementor-element elementor-element-5426bcf\" data-id=\"5426bcf\" data-element_type=\"column\" data-e-type=\"column\">\n\t\t\t<div class=\"elementor-widget-wrap elementor-element-populated\">\n\t\t\t\t\t\t<div class=\"elementor-element elementor-element-c975bb3 elementor-widget elementor-widget-image\" data-id=\"c975bb3\" data-element_type=\"widget\" data-e-type=\"widget\" data-widget_type=\"image.default\">\n\t\t\t\t<div class=\"elementor-widget-container\">\n\t\t\t\t\t\t\t\t\t\t\t\t\t\t\t<img loading=\"lazy\" decoding=\"async\" width=\"200\" height=\"200\" src=\"https:\/\/www.ewos.com\/cl\/wp-content\/uploads\/2023\/11\/ultraplus.jpg\" class=\"attachment-large size-large wp-image-1475\" alt=\"\" srcset=\"https:\/\/www.ewos.com\/cl\/wp-content\/uploads\/2023\/11\/ultraplus.jpg 200w, https:\/\/www.ewos.com\/cl\/wp-content\/uploads\/2023\/11\/ultraplus-150x150.jpg 150w\" sizes=\"(max-width: 200px) 100vw, 200px\" \/>\t\t\t\t\t\t\t\t\t\t\t\t\t\t\t<\/div>\n\t\t\t\t<\/div>\n\t\t\t\t\t<\/div>\n\t\t<\/div>\n\t\t\t\t\t<\/div>\n\t\t<\/section>\n\t\t\t\t<div class=\"elementor-element elementor-element-952b738 elementor-widget elementor-widget-text-editor\" data-id=\"952b738\" data-element_type=\"widget\" data-e-type=\"widget\" data-widget_type=\"text-editor.default\">\n\t\t\t\t<div class=\"elementor-widget-container\">\n\t\t\t\t\t\t\t\t\t<strong>Salm\u00f3n Coho<\/strong>\t\t\t\t\t\t\t\t<\/div>\n\t\t\t\t<\/div>\n\t\t\t\t<section class=\"elementor-section elementor-inner-section elementor-element elementor-element-29e33b3 elementor-section-boxed elementor-section-height-default elementor-section-height-default\" data-id=\"29e33b3\" data-element_type=\"section\" data-e-type=\"section\" data-settings=\"{&quot;jet_parallax_layout_list&quot;:[]}\">\n\t\t\t\t\t\t<div class=\"elementor-container elementor-column-gap-default\">\n\t\t\t\t\t<div class=\"elementor-column elementor-col-33 elementor-inner-column elementor-element elementor-element-d23388c\" data-id=\"d23388c\" data-element_type=\"column\" data-e-type=\"column\">\n\t\t\t<div class=\"elementor-widget-wrap elementor-element-populated\">\n\t\t\t\t\t\t<div class=\"elementor-element elementor-element-1ed9e9c elementor-widget elementor-widget-image\" data-id=\"1ed9e9c\" data-element_type=\"widget\" data-e-type=\"widget\" data-widget_type=\"image.default\">\n\t\t\t\t<div class=\"elementor-widget-container\">\n\t\t\t\t\t\t\t\t\t\t\t\t\t\t\t<img loading=\"lazy\" decoding=\"async\" width=\"200\" height=\"200\" src=\"https:\/\/www.ewos.com\/cl\/wp-content\/uploads\/2023\/11\/ginzake.jpg\" class=\"attachment-large size-large wp-image-1470\" alt=\"\" srcset=\"https:\/\/www.ewos.com\/cl\/wp-content\/uploads\/2023\/11\/ginzake.jpg 200w, https:\/\/www.ewos.com\/cl\/wp-content\/uploads\/2023\/11\/ginzake-150x150.jpg 150w\" sizes=\"(max-width: 200px) 100vw, 200px\" \/>\t\t\t\t\t\t\t\t\t\t\t\t\t\t\t<\/div>\n\t\t\t\t<\/div>\n\t\t\t\t\t<\/div>\n\t\t<\/div>\n\t\t\t\t<div class=\"elementor-column elementor-col-33 elementor-inner-column elementor-element elementor-element-1066dbb\" data-id=\"1066dbb\" data-element_type=\"column\" data-e-type=\"column\">\n\t\t\t<div class=\"elementor-widget-wrap elementor-element-populated\">\n\t\t\t\t\t\t<div class=\"elementor-element elementor-element-a76d9f5 elementor-widget elementor-widget-image\" data-id=\"a76d9f5\" data-element_type=\"widget\" data-e-type=\"widget\" data-widget_type=\"image.default\">\n\t\t\t\t<div class=\"elementor-widget-container\">\n\t\t\t\t\t\t\t\t\t\t\t\t\t\t\t<img loading=\"lazy\" decoding=\"async\" width=\"200\" height=\"200\" src=\"https:\/\/www.ewos.com\/cl\/wp-content\/uploads\/2023\/11\/rapid-c.jpg\" class=\"attachment-large size-large wp-image-1472\" alt=\"\" srcset=\"https:\/\/www.ewos.com\/cl\/wp-content\/uploads\/2023\/11\/rapid-c.jpg 200w, https:\/\/www.ewos.com\/cl\/wp-content\/uploads\/2023\/11\/rapid-c-150x150.jpg 150w\" sizes=\"(max-width: 200px) 100vw, 200px\" \/>\t\t\t\t\t\t\t\t\t\t\t\t\t\t\t<\/div>\n\t\t\t\t<\/div>\n\t\t\t\t\t<\/div>\n\t\t<\/div>\n\t\t\t\t<div class=\"elementor-column elementor-col-33 elementor-inner-column elementor-element elementor-element-63ee8ba\" data-id=\"63ee8ba\" data-element_type=\"column\" data-e-type=\"column\">\n\t\t\t<div class=\"elementor-widget-wrap\">\n\t\t\t\t\t\t\t<\/div>\n\t\t<\/div>\n\t\t\t\t\t<\/div>\n\t\t<\/section>\n\t\t\t\t<div class=\"elementor-element elementor-element-3fad0dc elementor-widget elementor-widget-text-editor\" data-id=\"3fad0dc\" data-element_type=\"widget\" data-e-type=\"widget\" data-widget_type=\"text-editor.default\">\n\t\t\t\t<div class=\"elementor-widget-container\">\n\t\t\t\t\t\t\t\t\t<strong>Trucha<\/strong>\t\t\t\t\t\t\t\t<\/div>\n\t\t\t\t<\/div>\n\t\t\t\t<section class=\"elementor-section elementor-inner-section elementor-element elementor-element-c15c7a3 elementor-section-boxed elementor-section-height-default elementor-section-height-default\" data-id=\"c15c7a3\" data-element_type=\"section\" data-e-type=\"section\" data-settings=\"{&quot;jet_parallax_layout_list&quot;:[]}\">\n\t\t\t\t\t\t<div class=\"elementor-container elementor-column-gap-default\">\n\t\t\t\t\t<div class=\"elementor-column elementor-col-33 elementor-inner-column elementor-element elementor-element-d691e66\" data-id=\"d691e66\" data-element_type=\"column\" data-e-type=\"column\">\n\t\t\t<div class=\"elementor-widget-wrap elementor-element-populated\">\n\t\t\t\t\t\t<div class=\"elementor-element elementor-element-e843d5f elementor-widget elementor-widget-image\" data-id=\"e843d5f\" data-element_type=\"widget\" data-e-type=\"widget\" data-widget_type=\"image.default\">\n\t\t\t\t<div class=\"elementor-widget-container\">\n\t\t\t\t\t\t\t\t\t\t\t\t\t\t\t<img loading=\"lazy\" decoding=\"async\" width=\"200\" height=\"250\" src=\"https:\/\/www.ewos.com\/cl\/wp-content\/uploads\/2023\/11\/rapid-t.jpg\" class=\"attachment-large size-large wp-image-1473\" alt=\"\" \/>\t\t\t\t\t\t\t\t\t\t\t\t\t\t\t<\/div>\n\t\t\t\t<\/div>\n\t\t\t\t\t<\/div>\n\t\t<\/div>\n\t\t\t\t<div class=\"elementor-column elementor-col-33 elementor-inner-column elementor-element elementor-element-c8ac0fe\" data-id=\"c8ac0fe\" data-element_type=\"column\" data-e-type=\"column\">\n\t\t\t<div class=\"elementor-widget-wrap\">\n\t\t\t\t\t\t\t<\/div>\n\t\t<\/div>\n\t\t\t\t<div class=\"elementor-column elementor-col-33 elementor-inner-column elementor-element elementor-element-5131000\" data-id=\"5131000\" data-element_type=\"column\" data-e-type=\"column\">\n\t\t\t<div class=\"elementor-widget-wrap\">\n\t\t\t\t\t\t\t<\/div>\n\t\t<\/div>\n\t\t\t\t\t<\/div>\n\t\t<\/section>\n\t\t\t\t<div class=\"elementor-element elementor-element-0844fd3 elementor-widget elementor-widget-text-editor\" data-id=\"0844fd3\" data-element_type=\"widget\" data-e-type=\"widget\" data-widget_type=\"text-editor.default\">\n\t\t\t\t<div class=\"elementor-widget-container\">\n\t\t\t\t\t\t\t\t\t<p>Cargill cuenta adem\u00e1s, con varias alternativas de\u00a0<strong>PACKS<\/strong>\u00a0que pueden a\u00f1adirse a las dietas GROWER como soporte para per\u00edodos de estr\u00e9s de los peces, desaf\u00edos sanitarios o parasitarios.<\/p>\t\t\t\t\t\t\t\t<\/div>\n\t\t\t\t<\/div>\n\t\t\t\t<div class=\"elementor-element elementor-element-10df820 elementor-widget elementor-widget-text-editor\" data-id=\"10df820\" data-element_type=\"widget\" data-e-type=\"widget\" data-widget_type=\"text-editor.default\">\n\t\t\t\t<div class=\"elementor-widget-container\">\n\t\t\t\t\t\t\t\t\t<strong>Para obtener m\u00e1s informaci\u00f3n, p\u00f3ngase en contacto con su Feed Consultant.<\/strong>\t\t\t\t\t\t\t\t<\/div>\n\t\t\t\t<\/div>\n\t\t\t\t\t<\/div>\n\t\t<\/div>\n\t\t\t\t\t<\/div>\n\t\t<\/section>\n\t\t\t\t<\/div>\n\t\t","protected":false},"excerpt":{"rendered":"<p>Productos Agua de Mar Conoce todos los productos que Cargill tiene para la etapa de engorda, especialmente dise\u00f1ados para lograr \u00f3ptimas performance y los mejores resultados de calidad final. Todas las dietas de Cargill han sido formuladas bajo el concepto de nitr\u00f3geno esencial.\u00a0 Todos los productos de la l\u00ednea Grower de EWOS est\u00e1n basados en [&hellip;]<\/p>\n","protected":false},"author":1,"featured_media":1457,"parent":1002,"menu_order":5,"comment_status":"closed","ping_status":"closed","template":"","meta":{"footnotes":""},"class_list":["post-1103","page","type-page","status-publish","has-post-thumbnail","hentry"],"yoast_head":"<!-- This site is optimized with the Yoast SEO plugin v27.4 - https:\/\/yoast.com\/product\/yoast-seo-wordpress\/ -->\n<title>Agua de Mar - EWOS - Chile<\/title>\n<meta name=\"robots\" content=\"index, follow, max-snippet:-1, max-image-preview:large, max-video-preview:-1\" \/>\n<link rel=\"canonical\" href=\"https:\/\/www.ewos.com\/cl\/productos\/agua-de-mar\/\" \/>\n<meta property=\"og:locale\" content=\"en_US\" \/>\n<meta property=\"og:type\" content=\"article\" \/>\n<meta property=\"og:title\" content=\"Agua de Mar - EWOS - Chile\" \/>\n<meta property=\"og:description\" content=\"Productos Agua de Mar Conoce todos los productos que Cargill tiene para la etapa de engorda, especialmente dise\u00f1ados para lograr \u00f3ptimas performance y los mejores resultados de calidad final. Todas las dietas de Cargill han sido formuladas bajo el concepto de nitr\u00f3geno esencial.\u00a0 Todos los productos de la l\u00ednea Grower de EWOS est\u00e1n basados en [&hellip;]\" \/>\n<meta property=\"og:url\" content=\"https:\/\/www.ewos.com\/cl\/productos\/agua-de-mar\/\" \/>\n<meta property=\"og:site_name\" content=\"EWOS - Chile\" \/>\n<meta property=\"article:modified_time\" content=\"2026-02-06T15:27:39+00:00\" \/>\n<meta property=\"og:image\" content=\"https:\/\/www.ewos.com\/cl\/wp-content\/uploads\/2023\/11\/pez.jpg\" \/>\n\t<meta property=\"og:image:width\" content=\"1200\" \/>\n\t<meta property=\"og:image:height\" content=\"700\" \/>\n\t<meta property=\"og:image:type\" content=\"image\/jpeg\" \/>\n<meta name=\"twitter:card\" content=\"summary_large_image\" \/>\n<meta name=\"twitter:label1\" content=\"Est. reading time\" \/>\n\t<meta name=\"twitter:data1\" content=\"3 minutes\" \/>\n<script type=\"application\/ld+json\" class=\"yoast-schema-graph\">{\"@context\":\"https:\\\/\\\/schema.org\",\"@graph\":[{\"@type\":\"WebPage\",\"@id\":\"https:\\\/\\\/www.ewos.com\\\/cl\\\/productos\\\/agua-de-mar\\\/\",\"url\":\"https:\\\/\\\/www.ewos.com\\\/cl\\\/productos\\\/agua-de-mar\\\/\",\"name\":\"Agua de Mar - EWOS - Chile\",\"isPartOf\":{\"@id\":\"https:\\\/\\\/www.ewos.com\\\/cl\\\/#website\"},\"primaryImageOfPage\":{\"@id\":\"https:\\\/\\\/www.ewos.com\\\/cl\\\/productos\\\/agua-de-mar\\\/#primaryimage\"},\"image\":{\"@id\":\"https:\\\/\\\/www.ewos.com\\\/cl\\\/productos\\\/agua-de-mar\\\/#primaryimage\"},\"thumbnailUrl\":\"https:\\\/\\\/www.ewos.com\\\/cl\\\/wp-content\\\/uploads\\\/2023\\\/11\\\/pez.jpg\",\"datePublished\":\"2023-11-16T19:17:06+00:00\",\"dateModified\":\"2026-02-06T15:27:39+00:00\",\"breadcrumb\":{\"@id\":\"https:\\\/\\\/www.ewos.com\\\/cl\\\/productos\\\/agua-de-mar\\\/#breadcrumb\"},\"inLanguage\":\"en\",\"potentialAction\":[{\"@type\":\"ReadAction\",\"target\":[\"https:\\\/\\\/www.ewos.com\\\/cl\\\/productos\\\/agua-de-mar\\\/\"]}]},{\"@type\":\"ImageObject\",\"inLanguage\":\"en\",\"@id\":\"https:\\\/\\\/www.ewos.com\\\/cl\\\/productos\\\/agua-de-mar\\\/#primaryimage\",\"url\":\"https:\\\/\\\/www.ewos.com\\\/cl\\\/wp-content\\\/uploads\\\/2023\\\/11\\\/pez.jpg\",\"contentUrl\":\"https:\\\/\\\/www.ewos.com\\\/cl\\\/wp-content\\\/uploads\\\/2023\\\/11\\\/pez.jpg\",\"width\":1200,\"height\":700},{\"@type\":\"BreadcrumbList\",\"@id\":\"https:\\\/\\\/www.ewos.com\\\/cl\\\/productos\\\/agua-de-mar\\\/#breadcrumb\",\"itemListElement\":[{\"@type\":\"ListItem\",\"position\":1,\"name\":\"Home\",\"item\":\"https:\\\/\\\/www.ewos.com\\\/cl\\\/\"},{\"@type\":\"ListItem\",\"position\":2,\"name\":\"Productos\",\"item\":\"https:\\\/\\\/www.ewos.com\\\/cl\\\/productos\\\/\"},{\"@type\":\"ListItem\",\"position\":3,\"name\":\"Agua de Mar\"}]},{\"@type\":\"WebSite\",\"@id\":\"https:\\\/\\\/www.ewos.com\\\/cl\\\/#website\",\"url\":\"https:\\\/\\\/www.ewos.com\\\/cl\\\/\",\"name\":\"EWOS - Chile\",\"description\":\"\",\"potentialAction\":[{\"@type\":\"SearchAction\",\"target\":{\"@type\":\"EntryPoint\",\"urlTemplate\":\"https:\\\/\\\/www.ewos.com\\\/cl\\\/?s={search_term_string}\"},\"query-input\":{\"@type\":\"PropertyValueSpecification\",\"valueRequired\":true,\"valueName\":\"search_term_string\"}}],\"inLanguage\":\"en\"}]}<\/script>\n<!-- \/ Yoast SEO plugin. -->","yoast_head_json":{"title":"Agua de Mar - EWOS - Chile","robots":{"index":"index","follow":"follow","max-snippet":"max-snippet:-1","max-image-preview":"max-image-preview:large","max-video-preview":"max-video-preview:-1"},"canonical":"https:\/\/www.ewos.com\/cl\/productos\/agua-de-mar\/","og_locale":"en_US","og_type":"article","og_title":"Agua de Mar - EWOS - Chile","og_description":"Productos Agua de Mar Conoce todos los productos que Cargill tiene para la etapa de engorda, especialmente dise\u00f1ados para lograr \u00f3ptimas performance y los mejores resultados de calidad final. Todas las dietas de Cargill han sido formuladas bajo el concepto de nitr\u00f3geno esencial.\u00a0 Todos los productos de la l\u00ednea Grower de EWOS est\u00e1n basados en [&hellip;]","og_url":"https:\/\/www.ewos.com\/cl\/productos\/agua-de-mar\/","og_site_name":"EWOS - Chile","article_modified_time":"2026-02-06T15:27:39+00:00","og_image":[{"width":1200,"height":700,"url":"https:\/\/www.ewos.com\/cl\/wp-content\/uploads\/2023\/11\/pez.jpg","type":"image\/jpeg"}],"twitter_card":"summary_large_image","twitter_misc":{"Est. reading time":"3 minutes"},"schema":{"@context":"https:\/\/schema.org","@graph":[{"@type":"WebPage","@id":"https:\/\/www.ewos.com\/cl\/productos\/agua-de-mar\/","url":"https:\/\/www.ewos.com\/cl\/productos\/agua-de-mar\/","name":"Agua de Mar - EWOS - Chile","isPartOf":{"@id":"https:\/\/www.ewos.com\/cl\/#website"},"primaryImageOfPage":{"@id":"https:\/\/www.ewos.com\/cl\/productos\/agua-de-mar\/#primaryimage"},"image":{"@id":"https:\/\/www.ewos.com\/cl\/productos\/agua-de-mar\/#primaryimage"},"thumbnailUrl":"https:\/\/www.ewos.com\/cl\/wp-content\/uploads\/2023\/11\/pez.jpg","datePublished":"2023-11-16T19:17:06+00:00","dateModified":"2026-02-06T15:27:39+00:00","breadcrumb":{"@id":"https:\/\/www.ewos.com\/cl\/productos\/agua-de-mar\/#breadcrumb"},"inLanguage":"en","potentialAction":[{"@type":"ReadAction","target":["https:\/\/www.ewos.com\/cl\/productos\/agua-de-mar\/"]}]},{"@type":"ImageObject","inLanguage":"en","@id":"https:\/\/www.ewos.com\/cl\/productos\/agua-de-mar\/#primaryimage","url":"https:\/\/www.ewos.com\/cl\/wp-content\/uploads\/2023\/11\/pez.jpg","contentUrl":"https:\/\/www.ewos.com\/cl\/wp-content\/uploads\/2023\/11\/pez.jpg","width":1200,"height":700},{"@type":"BreadcrumbList","@id":"https:\/\/www.ewos.com\/cl\/productos\/agua-de-mar\/#breadcrumb","itemListElement":[{"@type":"ListItem","position":1,"name":"Home","item":"https:\/\/www.ewos.com\/cl\/"},{"@type":"ListItem","position":2,"name":"Productos","item":"https:\/\/www.ewos.com\/cl\/productos\/"},{"@type":"ListItem","position":3,"name":"Agua de Mar"}]},{"@type":"WebSite","@id":"https:\/\/www.ewos.com\/cl\/#website","url":"https:\/\/www.ewos.com\/cl\/","name":"EWOS - Chile","description":"","potentialAction":[{"@type":"SearchAction","target":{"@type":"EntryPoint","urlTemplate":"https:\/\/www.ewos.com\/cl\/?s={search_term_string}"},"query-input":{"@type":"PropertyValueSpecification","valueRequired":true,"valueName":"search_term_string"}}],"inLanguage":"en"}]}},"_links":{"self":[{"href":"https:\/\/www.ewos.com\/cl\/wp-json\/wp\/v2\/pages\/1103","targetHints":{"allow":["GET"]}}],"collection":[{"href":"https:\/\/www.ewos.com\/cl\/wp-json\/wp\/v2\/pages"}],"about":[{"href":"https:\/\/www.ewos.com\/cl\/wp-json\/wp\/v2\/types\/page"}],"author":[{"embeddable":true,"href":"https:\/\/www.ewos.com\/cl\/wp-json\/wp\/v2\/users\/1"}],"replies":[{"embeddable":true,"href":"https:\/\/www.ewos.com\/cl\/wp-json\/wp\/v2\/comments?post=1103"}],"version-history":[{"count":16,"href":"https:\/\/www.ewos.com\/cl\/wp-json\/wp\/v2\/pages\/1103\/revisions"}],"predecessor-version":[{"id":2260,"href":"https:\/\/www.ewos.com\/cl\/wp-json\/wp\/v2\/pages\/1103\/revisions\/2260"}],"up":[{"embeddable":true,"href":"https:\/\/www.ewos.com\/cl\/wp-json\/wp\/v2\/pages\/1002"}],"wp:featuredmedia":[{"embeddable":true,"href":"https:\/\/www.ewos.com\/cl\/wp-json\/wp\/v2\/media\/1457"}],"wp:attachment":[{"href":"https:\/\/www.ewos.com\/cl\/wp-json\/wp\/v2\/media?parent=1103"}],"curies":[{"name":"wp","href":"https:\/\/api.w.org\/{rel}","templated":true}]}}